{"id":85,"date":"2022-03-10T12:44:40","date_gmt":"2022-03-10T11:44:40","guid":{"rendered":"http:\/\/au.feri.um.si\/lpa\/?page_id=85"},"modified":"2022-03-10T12:47:42","modified_gmt":"2022-03-10T11:47:42","slug":"raziskovalno-pedagoska-oprema-laboratorija","status":"publish","type":"page","link":"https:\/\/au.feri.um.si\/lpa\/o-laboratoriju\/raziskovalno-pedagoska-oprema-laboratorija\/","title":{"rendered":"Raziskovalno pedago\u0161ka oprema laboratorija"},"content":{"rendered":"\n<p>Na\u0161 laboratorij vedno slovel po dobri opremi, da katere smo pri\u0161li na zelo razli\u010dne na\u010dine. Najve\u010d opreme smo pridobili tako, da smo jo odslu\u017eili z delom. Veliko projektov smo opravili tako, da smo namesto pla\u010dila dobili opremo na kateri smo izvedli projekt. <\/p>\n\n\n\n<p>Veliko predvsem programske opreme smo dobili kot darilo od na\u0161ih zvestih partnerjev ali pa smo jo kupili po zelo ugodni ceni. Na\u0161i zadnji nakupi so bili ra\u010dunalni\u0161ka oprema in popolna prenova laboratorija, ki smo jih pla\u010dali s sredstvi strukturnih skladov in projektov v okviru Centra odli\u010dnosti Sodobne tehnologije vodenja procesov. Iz tega naslova je bil tudi na\u0161 zadnji nakup MES sistema, ki bo prav tako uporabljen pri vajah in seminarjih.<\/p>\n","protected":false},"excerpt":{"rendered":"<p>Na\u0161 laboratorij vedno slovel po dobri opremi, da katere smo pri\u0161li na zelo razli\u010dne na\u010dine. Najve\u010d opreme smo pridobili tako, da smo jo odslu\u017eili z delom. Veliko projektov smo opravili tako, da smo namesto pla\u010dila dobili opremo na kateri smo <a href=\"https:\/\/au.feri.um.si\/lpa\/o-laboratoriju\/raziskovalno-pedagoska-oprema-laboratorija\/\" class=\"read-more\">Preberi ve\u010d &#8230;<\/a><\/p>\n","protected":false},"author":3,"featured_media":0,"parent":67,"menu_order":0,"comment_status":"closed","ping_status":"closed","template":"","meta":[],"_links":{"self":[{"href":"https:\/\/au.feri.um.si\/lpa\/wp-json\/wp\/v2\/pages\/85"}],"collection":[{"href":"https:\/\/au.feri.um.si\/lpa\/wp-json\/wp\/v2\/pages"}],"about":[{"href":"https:\/\/au.feri.um.si\/lpa\/wp-json\/wp\/v2\/types\/page"}],"author":[{"embeddable":true,"href":"https:\/\/au.feri.um.si\/lpa\/wp-json\/wp\/v2\/users\/3"}],"replies":[{"embeddable":true,"href":"https:\/\/au.feri.um.si\/lpa\/wp-json\/wp\/v2\/comments?post=85"}],"version-history":[{"count":1,"href":"https:\/\/au.feri.um.si\/lpa\/wp-json\/wp\/v2\/pages\/85\/revisions"}],"predecessor-version":[{"id":86,"href":"https:\/\/au.feri.um.si\/lpa\/wp-json\/wp\/v2\/pages\/85\/revisions\/86"}],"up":[{"embeddable":true,"href":"https:\/\/au.feri.um.si\/lpa\/wp-json\/wp\/v2\/pages\/67"}],"wp:attachment":[{"href":"https:\/\/au.feri.um.si\/lpa\/wp-json\/wp\/v2\/media?parent=85"}],"curies":[{"name":"wp","href":"https:\/\/api.w.org\/{rel}","templated":true}]}}