{"id":80,"date":"2022-03-10T12:42:04","date_gmt":"2022-03-10T11:42:04","guid":{"rendered":"http:\/\/au.feri.um.si\/lpa\/?page_id=80"},"modified":"2022-03-11T09:02:11","modified_gmt":"2022-03-11T08:02:11","slug":"povezovanje-raziskovalnega-in-pedagoskega-dela","status":"publish","type":"page","link":"https:\/\/au.feri.um.si\/lpa\/o-laboratoriju\/povezovanje-raziskovalnega-in-pedagoskega-dela\/","title":{"rendered":"Povezovanje raziskovalnega in pedago\u0161kega dela"},"content":{"rendered":"\n<p>Raziskovalno delo in pedago\u0161ki proces sta tesno povezana, saj so predavanja in vaje formirane na rezultatih raziskovanja. Veliko pozornost posve\u010damo opremljanju laboratorijev v katere vabimo \u0161tudente, da delajo tudi ob prostem \u010dasu. \u0160tudij avtomatike je organiziran tako, da poleg predavanj in laboratorijskih vaj izvajamo seminarje in \u0161tudentske projekte. Seminarji so sestavljeni iz ve\u010d tem, ki jih ob koncu semestra \u0161tudenti javno predstavijo. <\/p>\n\n\n\n<p>Pri raziskovalnih in razvojnih nalogah pa vedno sodelujejo tudi \u0161tudenti vi\u0161jih letnikov, ki si na ta na\u010din pridobijo dodatna predvsem prakti\u010dna znanja, poleg tega pa se seznanijo z naro\u010dniki \u2013 partnerji in kasneje la\u017eje najdejo zaposlitev. <\/p>\n\n\n\n<p>Mnogokrat se \u0161tudentsko delo nadaljuje v diplomsko delo, tako \u0161tudent opravi obse\u017eno delo, ki mu nudi mo\u017enost, da osvoji kompleksno prakti\u010dno znanje. Vse ve\u010d diplomskih nalog opravimo kot timsko diplomo, kjer 3 do 4 \u0161tudenti delajo na istem projektu, tako da vsak obdela del celote. Pri takem delu se \u0161tudentje nau\u010dijo timskega dela, ki ga bodo\u010di delodajalci pri\u010dakujejo in izkazalo se je, da radi sprejemajo tak na\u010din dela, saj se nau\u010dijo sodelovati in si pomagati.<\/p>\n","protected":false},"excerpt":{"rendered":"<p>Raziskovalno delo in pedago\u0161ki proces sta tesno povezana, saj so predavanja in vaje formirane na rezultatih raziskovanja. Veliko pozornost posve\u010damo opremljanju laboratorijev v katere vabimo \u0161tudente, da delajo tudi ob prostem \u010dasu. \u0160tudij avtomatike je organiziran tako, da poleg predavanj <a href=\"https:\/\/au.feri.um.si\/lpa\/o-laboratoriju\/povezovanje-raziskovalnega-in-pedagoskega-dela\/\" class=\"read-more\">Preberi ve\u010d &#8230;<\/a><\/p>\n","protected":false},"author":3,"featured_media":0,"parent":67,"menu_order":0,"comment_status":"closed","ping_status":"closed","template":"","meta":[],"_links":{"self":[{"href":"https:\/\/au.feri.um.si\/lpa\/wp-json\/wp\/v2\/pages\/80"}],"collection":[{"href":"https:\/\/au.feri.um.si\/lpa\/wp-json\/wp\/v2\/pages"}],"about":[{"href":"https:\/\/au.feri.um.si\/lpa\/wp-json\/wp\/v2\/types\/page"}],"author":[{"embeddable":true,"href":"https:\/\/au.feri.um.si\/lpa\/wp-json\/wp\/v2\/users\/3"}],"replies":[{"embeddable":true,"href":"https:\/\/au.feri.um.si\/lpa\/wp-json\/wp\/v2\/comments?post=80"}],"version-history":[{"count":4,"href":"https:\/\/au.feri.um.si\/lpa\/wp-json\/wp\/v2\/pages\/80\/revisions"}],"predecessor-version":[{"id":84,"href":"https:\/\/au.feri.um.si\/lpa\/wp-json\/wp\/v2\/pages\/80\/revisions\/84"}],"up":[{"embeddable":true,"href":"https:\/\/au.feri.um.si\/lpa\/wp-json\/wp\/v2\/pages\/67"}],"wp:attachment":[{"href":"https:\/\/au.feri.um.si\/lpa\/wp-json\/wp\/v2\/media?parent=80"}],"curies":[{"name":"wp","href":"https:\/\/api.w.org\/{rel}","templated":true}]}}