{"id":78,"date":"2022-03-10T12:40:11","date_gmt":"2022-03-10T11:40:11","guid":{"rendered":"http:\/\/au.feri.um.si\/lpa\/?page_id=78"},"modified":"2022-03-11T09:02:41","modified_gmt":"2022-03-11T08:02:41","slug":"znanstveno-raziskovalno-in-strokovno-delo-v-laboratoriju","status":"publish","type":"page","link":"https:\/\/au.feri.um.si\/lpa\/o-laboratoriju\/znanstveno-raziskovalno-in-strokovno-delo-v-laboratoriju\/","title":{"rendered":"Znanstveno, raziskovalno in strokovno delo v laboratoriju"},"content":{"rendered":"\n<p>Znanstveno, raziskovalno in strokovno delo laboratorija se odra\u017ea na \u0161tevilnih aktivnih in uspe\u0161no zaklju\u010denih projektih laboratorija. V obdobju zadnjih nekaj let smo uspe\u0161no izvedli naslednje projekte:<\/p>\n\n\n\n<ul><li>Projekt Testiranje in validiranje sistema za zajem in kronologijo alarmov in dogodkov na TE\u0160 v sodelovanju s podjetjem Metronik<\/li><li>Projekt Mehko krmiljenje digitalnih varilnih izvorov za MIG\/MAG elektrooblo\u010dna postopka varjenja za naro\u010dnika Varstoj<\/li><li>Projekt destilarne viskija Glen Rothes Destillery, ki je financiran iz evropskega projekta Eureka v sodelovanju s podjetjem Miel d.o.o.<\/li><li>Eureka projekt Fuzzy Control for Distributed Systems, zaklju\u010den 2005<\/li><li>Projekt Inteligentna hi\u0161a, kjer je bil zasnovan in izveden model inteligentne hi\u0161e na Lon-Works tehnologiji ter TCP\/IP medmre\u017eni komunikaciji<\/li><li>Projekt IST-2001-32316, INES Industrial Embedded Systems, 5. Okvirnega programa EU<\/li><li>Razvojno-raziskovalni projekti na podro\u010dju \u0161tevcev elektri\u010dne neergije v sodelovanju z podjetjem ISKRAEMECO<\/li><li>Razvoj optimalnega modela parogeneratorskega procesa za tovarno Zeolitiv v sodelovanju s podje-tjem SILKEM, Kidri\u010devo<\/li><li>Razvoj sodobnih metod vodenja sistemov ogrevanja in hlajenja bivalno-poslovnih objektov v sodelovanju s podjetjem EVACO Maribor<\/li><li>KC STV \u2013 RRP2 &#8211; Tehnologija spletnega, daljinskega in distribuiranega vodenja<\/li><li>EUREKA NEURO-TEMP- Nov pristop kontrole procesa temperature na osnovi metod mehkega ra\u010dunanja<\/li><li>Nadzorni mehki regulator za usklajeno distribucijo tehnolo\u0161ke pare<\/li><\/ul>\n\n\n\n<p>Regulator plovnosti potaplja\u010da s potaplja\u0161kim jopi\u010dem.<\/p>\n\n\n\n<p>Smo ustanovni \u010dlan tehnolo\u0161ke mre\u017ee Tehnologija vodenja procesov, ki je ena od \u0161tirih tehnolo\u0161kih mre\u017e v Sloveniji. V okviru Centra odli\u010dnosti za sodobne tehnologije vodenja izvajamo dva projekta:Tehnologija daljinskega in distribuiranega vodenja ter Sistem za podporo odlo\u010danju pri vodenju proizvodnje.<\/p>\n\n\n\n<p>V sodelovanju s Fakulteto za elektrotehniko iz Zagreba v okviru projekta: Na kvar tolerantan sustav vo\u0111enja hidroelektranama, izvajamo temeljni raziskovalni projekt Diagnostika napak, ki obravnava odkrivanje napak v tehni\u0161kih sistemih, s poudarkom na postopku odkrivanja napak na realnih industrijskih sistemih.<\/p>\n\n\n\n<p>Temeljno raziskovanje poteka v okviru programske skupine. Do leta 2005 smo vodili programsko skupino Avtomatika. V tem srednjero\u010dnem obdobju pa smo raziskovalne kapacitete povezali z In\u0161titutoma za robotiko v skupni programski skupini Mehatronski sistemi.<\/p>\n","protected":false},"excerpt":{"rendered":"<p>Znanstveno, raziskovalno in strokovno delo laboratorija se odra\u017ea na \u0161tevilnih aktivnih in uspe\u0161no zaklju\u010denih projektih laboratorija. V obdobju zadnjih nekaj let smo uspe\u0161no izvedli naslednje projekte: Projekt Testiranje in validiranje sistema za zajem in kronologijo alarmov in dogodkov na TE\u0160 <a href=\"https:\/\/au.feri.um.si\/lpa\/o-laboratoriju\/znanstveno-raziskovalno-in-strokovno-delo-v-laboratoriju\/\" class=\"read-more\">Preberi ve\u010d &#8230;<\/a><\/p>\n","protected":false},"author":3,"featured_media":0,"parent":67,"menu_order":0,"comment_status":"closed","ping_status":"closed","template":"","meta":[],"_links":{"self":[{"href":"https:\/\/au.feri.um.si\/lpa\/wp-json\/wp\/v2\/pages\/78"}],"collection":[{"href":"https:\/\/au.feri.um.si\/lpa\/wp-json\/wp\/v2\/pages"}],"about":[{"href":"https:\/\/au.feri.um.si\/lpa\/wp-json\/wp\/v2\/types\/page"}],"author":[{"embeddable":true,"href":"https:\/\/au.feri.um.si\/lpa\/wp-json\/wp\/v2\/users\/3"}],"replies":[{"embeddable":true,"href":"https:\/\/au.feri.um.si\/lpa\/wp-json\/wp\/v2\/comments?post=78"}],"version-history":[{"count":1,"href":"https:\/\/au.feri.um.si\/lpa\/wp-json\/wp\/v2\/pages\/78\/revisions"}],"predecessor-version":[{"id":79,"href":"https:\/\/au.feri.um.si\/lpa\/wp-json\/wp\/v2\/pages\/78\/revisions\/79"}],"up":[{"embeddable":true,"href":"https:\/\/au.feri.um.si\/lpa\/wp-json\/wp\/v2\/pages\/67"}],"wp:attachment":[{"href":"https:\/\/au.feri.um.si\/lpa\/wp-json\/wp\/v2\/media?parent=78"}],"curies":[{"name":"wp","href":"https:\/\/api.w.org\/{rel}","templated":true}]}}