{"id":67,"date":"2022-03-10T12:11:38","date_gmt":"2022-03-10T11:11:38","guid":{"rendered":"http:\/\/au.feri.um.si\/lpa\/?page_id=67"},"modified":"2022-03-15T11:27:29","modified_gmt":"2022-03-15T10:27:29","slug":"o-laboratoriju","status":"publish","type":"page","link":"https:\/\/au.feri.um.si\/lpa\/o-laboratoriju\/","title":{"rendered":"O laboratoriju"},"content":{"rendered":"\n<div id=\"block-a3dab720-e6e1-42e6-908a-13f3b78f344f\" class=\"wp-block-image\"><figure class=\"aligncenter\"><img src=\"http:\/\/au.feri.um.si\/lpa\/wp-content\/uploads\/sites\/3\/2020\/10\/LPA-1024x293.jpg\" alt=\"Laboratorij za procesno avtomatizacijo\" \/><\/figure><\/div>\n\n\n\n<p id=\"block-e4b0af77-0048-429a-854c-a9f8c2f0571c\">Laboratorij za procesno avtomatizacijo deluje na temeljnih in aplikativnih raziskavah ter industrijskih projektih s podro\u010dja ra\u010dunalni\u0161ke avtomatizacije procesov v industriji. Dejavnost laboratorija je usmerjena predvsem v ra\u010dunalni\u0161ko vodenje procesov, implementacijo algoritmov, razvoj in izbolj\u0161ave nadzornih sistemov ter vmesnikov, MES sisteme, avtomatizacijo procesnih postopkov in objektov, meritve neelektri\u010dnih veli\u010din, aktuatorsko tehniko, razvoj naprednih algoritmov vodenja, modeliranje in identifikacije procesov, detekcijo in identifikacijo napak, itd. Pridobljeno znanje in izku\u0161nje na projektih pa \u017ee vrsto let predajamo mlaj\u0161im generacijam skozi pedago\u0161ko delo, mentorstva in prakso. Laboratorij za procesno avtomatizacijo deluje v sklopu In\u0161tituta za avtomatiko na Fakulteti za elektrotehniko, ra\u010dunalni\u0161tvo in informatiko, Univerze v Mariboru.<\/p>\n\n\n\n<p id=\"block-ca92ced3-a81d-4694-84a1-89d9201a3691\">Vpeti in aktivni smo v dru\u017ebeno tehnolo\u0161kih mre\u017eah in organizacijah v tujini in Sloveniji, kot je Dru\u0161tvo avtomatikov Slovenije, v okviru katerega organiziramo bienalno konferenco Avtomatizacija v industriji in gospodarstvu \u2013 AIG \u017ee vse od leta 1999 v Mariboru. Prav tako Smo ustanovni \u010dlan in \u010dlan sveta tehnolo\u0161ke mre\u017ee Tehnologija vodenja procesov, ki je ena od \u0161tirih tehnolo\u0161kih mre\u017e v Sloveniji.<\/p>\n\n\n\n<p id=\"block-608cb8c7-1d93-4d49-a55f-cbe597f36bd3\">V pedago\u0161kem procesu sodelujemo pri izobra\u017eevanju na univerzitetnem in visoko\u0161olskem strokovnem programu Avtomatika in robotika, kjer se bo v oktobru 2007 pri\u010del izvajati \u0161tudijski bolonjski program. Predmeti s podro\u010dja avtomatike, ki jih vklju\u010duje laboratorij so Snovanje sistemov vodenja, Gradniki sistemov vodenja, Modeliranje in indetifikacija, Aktuatorska tehnika, Avtomatizacija industrijskih obratov. Poleg aktivnosti na doma\u010di fakulteti, sodelujemo tudi pri pedago\u0161kem procesu na Pedago\u0161ki fakulteti, smer Tehni\u0161ka vzgoja, s predmetom Elektrotehnika.<\/p>\n\n\n\n<p id=\"block-105ed5b4-5c92-43e8-a9a6-c8802984e247\">Raziskovalno delo laboratorija je usmerjeno predvsem v razvoj ra\u010dunalni\u0161kega vodenja procesov, PLC, SCADA in MES sisteme, avtomatizacijo procesnih postopkov in objektov, meritve neelektri\u010dnih veli\u010din, inteligentne regulacije &#8211; Fuzzy regulatorji, modeliranje in identifikacije procesov, detekcijo in identifikacijo napak ter inteligentne zgradbe. Razpolagamo s sodobno opremo, ki jo v sodelovanju s partnerji neprestano nadgrajujemo, tako smo v zadnjih letih veliko pozornosti posve\u010dali implementaciji, povezljivosti in nadgradnjah SCADA sistemov, vse bolj pa razmi\u0161ljamo v smeri MES sistemov, ki predstavlja informacijsko povezava tehnolo\u0161kega in poslovnega nivoja vodenja. Na aplikativnem nivoju razvijamo vgrajene sisteme za potrebe merilne instrumentacije, vgrajene sisteme na procesnem nivoju vodenja, modele procesnih sistemov, uporabljamo moderne komunikacijske tehnologije za povezave v industriji, odprto kodno zasnovano programsko opreme za vodenje sistemov ter kompleksne informacijske sisteme za informiranje, distribucijo in alarmiranje.<\/p>\n\n\n\n<p id=\"block-348d99cc-dae8-4fc6-8600-a994d7f0c516\">Uspe\u0161no delo laboratorija potrjuje preko 400 zavedenih bibliografskih enot, od tega je ve\u010d kot 30 izvirnih znanstvenih in strokovnih prispevkov, prispevkov na konferencah ter mentorstva in somentorstva ve\u010d kot 100 diplomskih nalog, 4 magisteriji in 1 doktorat, kjer so 3 diplomska dela in 1 magisterij prejeli Bedjani\u010devo nagrado. Nenazadnje je potrebno izpostaviti \u0161e sodelovanje v ve\u010d kot 60 doma\u010dih in mednarodnih projektih, organiziranje strokovnih konferenc na podro\u010dju avtomatizacije in mednarodno sodelovanja s tujimi izobra\u017eevalnimi in raziskovalnimi ustanovami. Ves \u010das se trudimo ohranjati stike z gospodarstvom ter \u017eelimo okrepiti prenos znanja v industrijo.<\/p>\n\n\n\n<p id=\"block-22f6b7c0-b117-43c9-b8ad-0ae663594b58\">\ufeff<\/p>\n\n\n\n<p id=\"block-9ad39de2-287d-46cc-87ae-ab11dd0db712\">Vodja laboratorija<br>izr. prof. dr. Nenad Mu\u0161kinja<\/p>\n","protected":false},"excerpt":{"rendered":"<p>Laboratorij za procesno avtomatizacijo deluje na temeljnih in aplikativnih raziskavah ter industrijskih projektih s podro\u010dja ra\u010dunalni\u0161ke avtomatizacije procesov v industriji. Dejavnost laboratorija je usmerjena predvsem v ra\u010dunalni\u0161ko vodenje procesov, implementacijo algoritmov, razvoj in izbolj\u0161ave nadzornih sistemov ter vmesnikov, MES sisteme, <a href=\"https:\/\/au.feri.um.si\/lpa\/o-laboratoriju\/\" class=\"read-more\">Preberi ve\u010d &#8230;<\/a><\/p>\n","protected":false},"author":3,"featured_media":0,"parent":0,"menu_order":0,"comment_status":"closed","ping_status":"closed","template":"","meta":[],"_links":{"self":[{"href":"https:\/\/au.feri.um.si\/lpa\/wp-json\/wp\/v2\/pages\/67"}],"collection":[{"href":"https:\/\/au.feri.um.si\/lpa\/wp-json\/wp\/v2\/pages"}],"about":[{"href":"https:\/\/au.feri.um.si\/lpa\/wp-json\/wp\/v2\/types\/page"}],"author":[{"embeddable":true,"href":"https:\/\/au.feri.um.si\/lpa\/wp-json\/wp\/v2\/users\/3"}],"replies":[{"embeddable":true,"href":"https:\/\/au.feri.um.si\/lpa\/wp-json\/wp\/v2\/comments?post=67"}],"version-history":[{"count":6,"href":"https:\/\/au.feri.um.si\/lpa\/wp-json\/wp\/v2\/pages\/67\/revisions"}],"predecessor-version":[{"id":263,"href":"https:\/\/au.feri.um.si\/lpa\/wp-json\/wp\/v2\/pages\/67\/revisions\/263"}],"wp:attachment":[{"href":"https:\/\/au.feri.um.si\/lpa\/wp-json\/wp\/v2\/media?parent=67"}],"curies":[{"name":"wp","href":"https:\/\/api.w.org\/{rel}","templated":true}]}}