{"id":89,"date":"2022-03-10T12:46:39","date_gmt":"2022-03-10T11:46:39","guid":{"rendered":"http:\/\/au.feri.um.si\/lpa\/?page_id=89"},"modified":"2022-03-11T09:02:18","modified_gmt":"2022-03-11T08:02:18","slug":"povezovanje-s-proizvodnjo-v-sloveniji","status":"publish","type":"page","link":"https:\/\/au.feri.um.si\/lpa\/en\/o-laboratoriju\/povezovanje-s-proizvodnjo-v-sloveniji\/","title":{"rendered":"Povezovanje s proizvodnjo v Sloveniji"},"content":{"rendered":"<p>V Sloveniji imamo veliko sodelovanja z uporabniki in z izvajalci. Naj omenim samo nekatere:. Miel-Omron, Metronik, Synatec, Liko pris, Iskraemeco, INEA, TELEM, EVACO, Silkem, Talum, Tovarna sladkorja, Lek, Varstroj, AMI, Siemens itd. Skupna to\u010dka so nam predvsem tehnolo\u0161ki projekti v katerih smo ali pa \u0161e sodelujemo. S slovenskimi podjetji smo povezani tudi preko tehnolo\u0161ke mre\u017ee Tehnologija vodenja procesov, ki smo jo formirali leta 2003 in sedaj zaklju\u010dujemo projekte iz prvega razpisa. Prav tako smo povezani preko Tehnolo\u0161ke platforme Vgrajeni sistemi in centra ARI. <\/p>\n\n\n\n<p>Sodelovanje ni samo v skupnih projektih ampak tudi kot svetovanje, sodelovanje v njihovih komisija, raziskovalnih skupinah, \u0161tudij in podobno. Morda je na\u0161a vpetost v gospodarstvo tudi omogo\u010dila, da smo do sedaj vedno dobili veliko sponzorjev, ki so radi podprli organizacijo konference AIG.<\/p>","protected":false},"excerpt":{"rendered":"<p>V Sloveniji imamo veliko sodelovanja z uporabniki in z izvajalci. Naj omenim samo nekatere:. Miel-Omron, Metronik, Synatec, Liko pris, Iskraemeco, INEA, TELEM, EVACO, Silkem, Talum, Tovarna sladkorja, Lek, Varstroj, AMI, Siemens itd. Skupna to\u010dka so nam predvsem tehnolo\u0161ki projekti v <a href=\"https:\/\/au.feri.um.si\/lpa\/en\/o-laboratoriju\/povezovanje-s-proizvodnjo-v-sloveniji\/\" class=\"read-more\">Preberi ve\u010d &#8230;<\/a><\/p>","protected":false},"author":3,"featured_media":0,"parent":67,"menu_order":0,"comment_status":"closed","ping_status":"closed","template":"","meta":[],"_links":{"self":[{"href":"https:\/\/au.feri.um.si\/lpa\/en\/wp-json\/wp\/v2\/pages\/89"}],"collection":[{"href":"https:\/\/au.feri.um.si\/lpa\/en\/wp-json\/wp\/v2\/pages"}],"about":[{"href":"https:\/\/au.feri.um.si\/lpa\/en\/wp-json\/wp\/v2\/types\/page"}],"author":[{"embeddable":true,"href":"https:\/\/au.feri.um.si\/lpa\/en\/wp-json\/wp\/v2\/users\/3"}],"replies":[{"embeddable":true,"href":"https:\/\/au.feri.um.si\/lpa\/en\/wp-json\/wp\/v2\/comments?post=89"}],"version-history":[{"count":1,"href":"https:\/\/au.feri.um.si\/lpa\/en\/wp-json\/wp\/v2\/pages\/89\/revisions"}],"predecessor-version":[{"id":90,"href":"https:\/\/au.feri.um.si\/lpa\/en\/wp-json\/wp\/v2\/pages\/89\/revisions\/90"}],"up":[{"embeddable":true,"href":"https:\/\/au.feri.um.si\/lpa\/en\/wp-json\/wp\/v2\/pages\/67"}],"wp:attachment":[{"href":"https:\/\/au.feri.um.si\/lpa\/en\/wp-json\/wp\/v2\/media?parent=89"}],"curies":[{"name":"wp","href":"https:\/\/api.w.org\/{rel}","templated":true}]}}