{"id":318,"date":"2022-03-31T12:49:38","date_gmt":"2022-03-31T10:49:38","guid":{"rendered":"https:\/\/au.feri.um.si\/lpa\/?page_id=318"},"modified":"2022-03-31T13:09:05","modified_gmt":"2022-03-31T11:09:05","slug":"studentski-projekti","status":"publish","type":"page","link":"https:\/\/au.feri.um.si\/lpa\/en\/pedagosko-delo\/studentski-projekti\/","title":{"rendered":"\u0160tudentski projekti"},"content":{"rendered":"<div class=\"wp-block-columns\">\n<div class=\"wp-block-column\" style=\"flex-basis:66.66%\">\n<div class=\"wp-container-1 wp-block-buttons\">\n<div class=\"wp-block-button\"><a class=\"wp-block-button__link\" href=\"https:\/\/au.feri.um.si\/lpa\/en\/rotacijsko-inverzno-nihalo\/\">Rotacijsko inverzno nihalo<\/a><\/div>\n<\/div>\n\n\n\n<ul><li>Izdelava mehanske konstrukcije ter uspe\u0161na stabilizacija nihala v navpi\u010dni legi.<\/li><li>Izdelali smo mehansko konstrukcijo v katero smo vpeli servomotor Mitsubishi HG-KN13J kateri premika ro\u010dico ter posledi\u010dno nihalo.<\/li><li>&#8230; <a href=\"https:\/\/au.feri.um.si\/lpa\/en\/rotacijsko-inverzno-nihalo\/\" data-type=\"post\" data-id=\"286\">Preberi ve\u010d&#8230;<\/a><\/li><\/ul>\n<\/div>\n\n\n\n<div class=\"wp-block-column\" style=\"flex-basis:33.33%\">\n<div class=\"wp-block-image\"><figure class=\"aligncenter size-full is-resized\"><a href=\"https:\/\/au.feri.um.si\/lpa\/en\/rotacijsko-inverzno-nihalo\/\"><img loading=\"lazy\" src=\"http:\/\/au.feri.um.si\/lpa\/wp-content\/uploads\/sites\/3\/2022\/03\/rotacijsko-inverzno-nihalo-e1648724113206.jpg\" alt=\"\" class=\"wp-image-319\" width=\"128\" height=\"166\" srcset=\"https:\/\/au.feri.um.si\/lpa\/wp-content\/uploads\/sites\/3\/2022\/03\/rotacijsko-inverzno-nihalo-e1648724113206.jpg 271w, https:\/\/au.feri.um.si\/lpa\/wp-content\/uploads\/sites\/3\/2022\/03\/rotacijsko-inverzno-nihalo-e1648724113206-232x300.jpg 232w, https:\/\/au.feri.um.si\/lpa\/wp-content\/uploads\/sites\/3\/2022\/03\/rotacijsko-inverzno-nihalo-e1648724113206-9x12.jpg 9w, https:\/\/au.feri.um.si\/lpa\/wp-content\/uploads\/sites\/3\/2022\/03\/rotacijsko-inverzno-nihalo-e1648724113206-208x270.jpg 208w\" sizes=\"(max-width: 128px) 100vw, 128px\" \/><\/a><\/figure><\/div>\n<\/div>\n<\/div>\n\n\n\n<hr class=\"wp-block-separator\" \/>\n\n\n\n<div class=\"wp-block-columns\">\n<div class=\"wp-block-column\" style=\"flex-basis:66.66%\">\n<div class=\"wp-container-2 wp-block-buttons\">\n<div class=\"wp-block-button\"><a class=\"wp-block-button__link\" href=\"https:\/\/au.feri.um.si\/lpa\/en\/krogla-na-letvi\/\">Krogla na letvi<\/a><\/div>\n<\/div>\n\n\n\n<ul><li>Izdelava sistema za regulacijo polo\u017eaja krogle na nagibajo\u010di letvi (ang. Ball and beam)<\/li><li>Polo\u017eaj krogle zaznavamo z uporabo membranskega potenciometra<\/li><li>&#8230; <a href=\"https:\/\/au.feri.um.si\/lpa\/en\/krogla-na-letvi\/\" data-type=\"post\" data-id=\"291\">Preberi ve\u010d&#8230;<\/a><\/li><\/ul>\n<\/div>\n\n\n\n<div class=\"wp-block-column\" style=\"flex-basis:33.33%\">\n<div class=\"wp-block-image\"><figure class=\"aligncenter size-full is-resized\"><a href=\"https:\/\/au.feri.um.si\/lpa\/en\/krogla-na-letvi\/\"><img loading=\"lazy\" src=\"https:\/\/au.feri.um.si\/lpa\/wp-content\/uploads\/sites\/3\/2022\/03\/Krogla-na-letvi.jpg\" alt=\"\" class=\"wp-image-330\" width=\"185\" height=\"155\" srcset=\"https:\/\/au.feri.um.si\/lpa\/wp-content\/uploads\/sites\/3\/2022\/03\/Krogla-na-letvi.jpg 300w, https:\/\/au.feri.um.si\/lpa\/wp-content\/uploads\/sites\/3\/2022\/03\/Krogla-na-letvi-14x12.jpg 14w\" sizes=\"(max-width: 185px) 100vw, 185px\" \/><\/a><\/figure><\/div>\n<\/div>\n<\/div>\n\n\n\n<hr class=\"wp-block-separator\" \/>\n\n\n\n<div class=\"wp-block-columns\">\n<div class=\"wp-block-column\" style=\"flex-basis:66.66%\">\n<div class=\"wp-container-3 wp-block-buttons\">\n<div class=\"wp-block-button\"><a class=\"wp-block-button__link\" href=\"https:\/\/au.feri.um.si\/lpa\/en\/sistem-za-pozicioniranje-in-sinhronizacijo\/\">Sistem za pozicioniranje in sinhronizacijo<\/a><\/div>\n<\/div>\n\n\n\n<ul><li>Sistem skrbi za sinhronizacijo vrtljajev in faznega kota dveh neodvisnih sistemov.<\/li><li>Trifazni motor, na katerem je name\u0161\u010den disk s \u0161tevil\u010dnico, poganja frekven\u010dni pretvornik, ki deluje kot regulator vrtljajev.<\/li><li>&#8230; <a href=\"https:\/\/au.feri.um.si\/lpa\/en\/sistem-za-pozicioniranje-in-sinhronizacijo\/\" data-type=\"post\" data-id=\"293\">Preberi ve\u010d&#8230;<\/a><\/li><\/ul>\n<\/div>\n\n\n\n<div class=\"wp-block-column\" style=\"flex-basis:33.33%\">\n<div class=\"wp-block-image\"><figure class=\"aligncenter size-large is-resized\"><a href=\"https:\/\/au.feri.um.si\/lpa\/en\/sistem-za-pozicioniranje-in-sinhronizacijo\/\"><img loading=\"lazy\" src=\"https:\/\/au.feri.um.si\/lpa\/wp-content\/uploads\/sites\/3\/2022\/03\/Sistem-za-pozicioniranje-in-sinhronizacijo-1024x677.png\" alt=\"\" class=\"wp-image-341\" width=\"200\" height=\"132\" srcset=\"https:\/\/au.feri.um.si\/lpa\/wp-content\/uploads\/sites\/3\/2022\/03\/Sistem-za-pozicioniranje-in-sinhronizacijo-1024x677.png 1024w, https:\/\/au.feri.um.si\/lpa\/wp-content\/uploads\/sites\/3\/2022\/03\/Sistem-za-pozicioniranje-in-sinhronizacijo-300x198.png 300w, https:\/\/au.feri.um.si\/lpa\/wp-content\/uploads\/sites\/3\/2022\/03\/Sistem-za-pozicioniranje-in-sinhronizacijo-768x508.png 768w, https:\/\/au.feri.um.si\/lpa\/wp-content\/uploads\/sites\/3\/2022\/03\/Sistem-za-pozicioniranje-in-sinhronizacijo-18x12.png 18w, https:\/\/au.feri.um.si\/lpa\/wp-content\/uploads\/sites\/3\/2022\/03\/Sistem-za-pozicioniranje-in-sinhronizacijo-360x238.png 360w, https:\/\/au.feri.um.si\/lpa\/wp-content\/uploads\/sites\/3\/2022\/03\/Sistem-za-pozicioniranje-in-sinhronizacijo.png 1292w\" sizes=\"(max-width: 200px) 100vw, 200px\" \/><\/a><\/figure><\/div>\n<\/div>\n<\/div>\n\n\n\n<hr class=\"wp-block-separator\" \/>","protected":false},"excerpt":{"rendered":"<p>Izdelava mehanske konstrukcije ter uspe\u0161na stabilizacija nihala v navpi\u010dni legi. Izdelali smo mehansko konstrukcijo v katero smo vpeli servomotor Mitsubishi HG-KN13J kateri premika ro\u010dico ter posledi\u010dno nihalo. &#8230; Preberi ve\u010d&#8230; Izdelava sistema za regulacijo polo\u017eaja krogle na nagibajo\u010di letvi (ang. <a href=\"https:\/\/au.feri.um.si\/lpa\/en\/pedagosko-delo\/studentski-projekti\/\" class=\"read-more\">Preberi ve\u010d &#8230;<\/a><\/p>","protected":false},"author":3,"featured_media":0,"parent":281,"menu_order":0,"comment_status":"closed","ping_status":"closed","template":"","meta":[],"_links":{"self":[{"href":"https:\/\/au.feri.um.si\/lpa\/en\/wp-json\/wp\/v2\/pages\/318"}],"collection":[{"href":"https:\/\/au.feri.um.si\/lpa\/en\/wp-json\/wp\/v2\/pages"}],"about":[{"href":"https:\/\/au.feri.um.si\/lpa\/en\/wp-json\/wp\/v2\/types\/page"}],"author":[{"embeddable":true,"href":"https:\/\/au.feri.um.si\/lpa\/en\/wp-json\/wp\/v2\/users\/3"}],"replies":[{"embeddable":true,"href":"https:\/\/au.feri.um.si\/lpa\/en\/wp-json\/wp\/v2\/comments?post=318"}],"version-history":[{"count":19,"href":"https:\/\/au.feri.um.si\/lpa\/en\/wp-json\/wp\/v2\/pages\/318\/revisions"}],"predecessor-version":[{"id":346,"href":"https:\/\/au.feri.um.si\/lpa\/en\/wp-json\/wp\/v2\/pages\/318\/revisions\/346"}],"up":[{"embeddable":true,"href":"https:\/\/au.feri.um.si\/lpa\/en\/wp-json\/wp\/v2\/pages\/281"}],"wp:attachment":[{"href":"https:\/\/au.feri.um.si\/lpa\/en\/wp-json\/wp\/v2\/media?parent=318"}],"curies":[{"name":"wp","href":"https:\/\/api.w.org\/{rel}","templated":true}]}}