{"id":102,"date":"2022-03-11T06:43:48","date_gmt":"2022-03-11T05:43:48","guid":{"rendered":"http:\/\/au.feri.um.si\/lpa\/?page_id=102"},"modified":"2022-03-11T09:01:41","modified_gmt":"2022-03-11T08:01:41","slug":"procesna-avtomatizacija","status":"publish","type":"page","link":"https:\/\/au.feri.um.si\/lpa\/en\/dejavnosti-laboratorija\/procesna-avtomatizacija\/","title":{"rendered":"Process Automation"},"content":{"rendered":"<figure class=\"wp-block-image size-full\"><img loading=\"lazy\" width=\"501\" height=\"300\" src=\"http:\/\/au.feri.um.si\/lpa\/wp-content\/uploads\/sites\/3\/2022\/03\/vp.jpg\" alt=\"\" class=\"wp-image-103\" srcset=\"https:\/\/au.feri.um.si\/lpa\/wp-content\/uploads\/sites\/3\/2022\/03\/vp.jpg 501w, https:\/\/au.feri.um.si\/lpa\/wp-content\/uploads\/sites\/3\/2022\/03\/vp-300x180.jpg 300w, https:\/\/au.feri.um.si\/lpa\/wp-content\/uploads\/sites\/3\/2022\/03\/vp-18x12.jpg 18w, https:\/\/au.feri.um.si\/lpa\/wp-content\/uploads\/sites\/3\/2022\/03\/vp-360x216.jpg 360w\" sizes=\"(max-width: 501px) 100vw, 501px\" \/><\/figure>\n\n\n\n<p>V laboratoriju za procesno avtomatizacijo se na nivoju temeljnih in aplikativnih raziskav skupaj v sodelovanju z gospodarstvom ter s \u0161tudenti ukvarjamo ve\u010dinoma z naslednjimi elementi avtomatizacije:<\/p>\n\n\n\n<ul><li>Regulatorji razli\u010dnih proizvajalcev in izvedb.<\/li><li>Procesni modeli kot so: destilarna, cevni toplotni izmenjevalnik, klimatska naprava, industrijska pe\u010d, model regulacije nivoja in pretoka teko\u010din, vezne posode, tla\u010dni modeli, elektri\u010dni generator s hidravli\u010dnim motoProcesna avrjem in servoventilom, inverzno nihalo, krogla v magnetnem polju, model inteligentne hi\u0161e, razli\u010dni \u0161olskimi procesnimi modeli (AEG, balance control, \u2026).<\/li><li>\u010crpalke, regulacijski ventili, frekven\u010dni pretvorniki, \u2026<\/li><li>Klasi\u010dni industrijski senzorji.<\/li><li>Razpolagamo z velikim \u0161tevilom naprav in opremo znanih proizvajalcev: Omron, Siemens, OPTO 22, Moeller, Ge Fanuc, Schneider Electric, LON WORKS, Matlab, LabView, \u2026<\/li><\/ul>\n\n\n\n<p>Raziskovalno delo laboratorija na podro\u010dju procesne avtomatizacije je fokusirano na:<\/p>\n\n\n\n<ul><li>Mehko (Fuzzy) modeliranje, regulacije in identifikacije.<\/li><li>Detekcija napak v sistemih vodenja, ki zajema klasi\u010dno modeliranje, identifikacije, nadzor in vodenje procesov, detekcijo in izolacijo napak, razvoj algoritmov identifikacije in diagnostike za sisteme realnega \u010dasa in simulacijskih modelov.<\/li><li>Inteligentne zgradbe.<\/li><li>Nadzorni sistemi vodenja, povezave PLC- Matlab &#8211; PLC preko OPC tehnologije.<\/li><li>Modeliranje in vodenje mehatronskih sistemov \u2013 inverzno nihalo, valj\u010dek na letvi, krogla v magnetnem polju.<\/li><li>Sistemi daljinskega in porazdeljenega vodenja.<\/li><\/ul>","protected":false},"excerpt":{"rendered":"<p>V laboratoriju za procesno avtomatizacijo se na nivoju temeljnih in aplikativnih raziskav skupaj v sodelovanju z gospodarstvom ter s \u0161tudenti ukvarjamo ve\u010dinoma z naslednjimi elementi avtomatizacije: Regulatorji razli\u010dnih proizvajalcev in izvedb. Procesni modeli kot so: destilarna, cevni toplotni izmenjevalnik, klimatska <a href=\"https:\/\/au.feri.um.si\/lpa\/en\/dejavnosti-laboratorija\/procesna-avtomatizacija\/\" class=\"read-more\">Preberi ve\u010d &#8230;<\/a><\/p>","protected":false},"author":3,"featured_media":0,"parent":99,"menu_order":0,"comment_status":"closed","ping_status":"closed","template":"","meta":[],"_links":{"self":[{"href":"https:\/\/au.feri.um.si\/lpa\/en\/wp-json\/wp\/v2\/pages\/102"}],"collection":[{"href":"https:\/\/au.feri.um.si\/lpa\/en\/wp-json\/wp\/v2\/pages"}],"about":[{"href":"https:\/\/au.feri.um.si\/lpa\/en\/wp-json\/wp\/v2\/types\/page"}],"author":[{"embeddable":true,"href":"https:\/\/au.feri.um.si\/lpa\/en\/wp-json\/wp\/v2\/users\/3"}],"replies":[{"embeddable":true,"href":"https:\/\/au.feri.um.si\/lpa\/en\/wp-json\/wp\/v2\/comments?post=102"}],"version-history":[{"count":1,"href":"https:\/\/au.feri.um.si\/lpa\/en\/wp-json\/wp\/v2\/pages\/102\/revisions"}],"predecessor-version":[{"id":104,"href":"https:\/\/au.feri.um.si\/lpa\/en\/wp-json\/wp\/v2\/pages\/102\/revisions\/104"}],"up":[{"embeddable":true,"href":"https:\/\/au.feri.um.si\/lpa\/en\/wp-json\/wp\/v2\/pages\/99"}],"wp:attachment":[{"href":"https:\/\/au.feri.um.si\/lpa\/en\/wp-json\/wp\/v2\/media?parent=102"}],"curies":[{"name":"wp","href":"https:\/\/api.w.org\/{rel}","templated":true}]}}