{"id":77,"date":"2020-11-20T15:10:31","date_gmt":"2020-11-20T14:10:31","guid":{"rendered":"http:\/\/au.feri.um.si\/losdv\/?page_id=77"},"modified":"2023-01-05T09:29:06","modified_gmt":"2023-01-05T08:29:06","slug":"thz_oprojektu","status":"publish","type":"page","link":"https:\/\/au.feri.um.si\/losdv\/thz_oprojektu\/","title":{"rendered":"O projektu"},"content":{"rendered":"\n<div class=\"wp-container-1 wp-block-buttons\"><\/div>\n\n\n\n<figure class=\"wp-block-image size-large\"><img loading=\"lazy\" width=\"1024\" height=\"122\" src=\"http:\/\/au.feri.um.si\/losdv\/wp-content\/uploads\/sites\/4\/2022\/03\/thz_banner_slo-1024x122.jpg\" alt=\"\" class=\"wp-image-517\" srcset=\"https:\/\/au.feri.um.si\/losdv\/wp-content\/uploads\/sites\/4\/2022\/03\/thz_banner_slo-1024x122.jpg 1024w, https:\/\/au.feri.um.si\/losdv\/wp-content\/uploads\/sites\/4\/2022\/03\/thz_banner_slo-300x36.jpg 300w, https:\/\/au.feri.um.si\/losdv\/wp-content\/uploads\/sites\/4\/2022\/03\/thz_banner_slo-768x92.jpg 768w, https:\/\/au.feri.um.si\/losdv\/wp-content\/uploads\/sites\/4\/2022\/03\/thz_banner_slo-1536x183.jpg 1536w, https:\/\/au.feri.um.si\/losdv\/wp-content\/uploads\/sites\/4\/2022\/03\/thz_banner_slo-2048x244.jpg 2048w, https:\/\/au.feri.um.si\/losdv\/wp-content\/uploads\/sites\/4\/2022\/03\/thz_banner_slo-360x43.jpg 360w\" sizes=\"(max-width: 1024px) 100vw, 1024px\" \/><\/figure>\n\n\n\n<div class=\"wp-container-2 wp-block-buttons\">\n<div class=\"wp-block-button\"><a class=\"wp-block-button__link\" href=\"http:\/\/au.feri.um.si\/losdv\/thz_radar\/\">THZ Radar<\/a><\/div>\n\n\n\n<div class=\"wp-block-button\"><a class=\"wp-block-button__link\" href=\"http:\/\/au.feri.um.si\/losdv\/thz_oprojektu\/\">O projektu<\/a><\/div>\n\n\n\n<div class=\"wp-block-button\"><a class=\"wp-block-button__link\" href=\"http:\/\/au.feri.um.si\/losdv\/thz_novice\/\">Novice<\/a><\/div>\n\n\n\n<div class=\"wp-block-button\"><a class=\"wp-block-button__link\" href=\"http:\/\/au.feri.um.si\/losdv\/thz_delovni_nacrt\/\">Delovni na\u010drt<\/a><\/div>\n\n\n\n<div class=\"wp-block-button\"><a class=\"wp-block-button__link\" href=\"http:\/\/au.feri.um.si\/losdv\/thz_diseminacija_projekta\/\">Diseminacija projekta<\/a><\/div>\n<\/div>\n\n\n\n<p><\/p>\n\n\n\n<p>Na osnovi na\u0161ega raziskovalnega dela v zadnjih desetih letih, ki temelji na obdelavi radarskih signalov in implementiranju raznih radarskih sistemov za opazovanje povr\u0161ja Zemlje bomo v tem raziskovalnem projektu znanje poglobili iz na\u010drtovanja radarjev v Tera Hertz-nem (THz) podro\u010dju. Valovanje v THz podro\u010dju je zelo primerno za opazovanje povr\u0161ja in struktur predmetov, ki nimajo organskih primesi zato ima velik pomen prakti\u010den pomen, saj lahko zagotovimo varnost, ugotavljamo kakovost izdelkov in materialov, ki jih s prostim o\u010desom ne moremo zaznati, predvsem pa lahko pripomoremo k bolj kakovostnem \u017eivljenju z implementacijo modernih tehnologij. Z modernimi tehnologijami lahko opazujemo mikro-razpoke na materialih in ugotavljamo prisotnost materialov izza sten in pod oblekami. To podro\u010dje je zelo zanimivo in se zelo hitro razvija vendar je oprema potrebna za implementacijo THz radarja zelo cenovno nedostopna. V sodelovanju z Laboratorijem za elektro-opti\u010dne sisteme na UM-FERI imamo mo\u017enost tudi izdelati THz radar iz standardnih komercialnih telekomunikacijskih elektronskih komponent. Ideja je, da znanje iz generiranja in fokusiranja podatkov SAR prenesemo v THz podro\u010dje, ga razi\u0161\u010demo in tudi implementiramo tak\u0161en radar. Preu\u010dili bomo naprave za generiranje in prejemanje THz signalov. Tukaj vidimo doprinos pri na\u010drtovanju THz radarja tako, da generiramo THz valove s pomo\u010djo mikro-obdelave opti\u010dnega vlakna in vodenjem laserskih diod. THz radar bomo uporabili za tro-dimenzionalno (3D) tomografijo. Na\u0161e raziskovano delo lahko kasneje usmerimo v aplikacije za detektiranje lastnosti opazovanih objektov. V ta namen bomo raz\u0161irili podro\u010dje t.i. globokega u\u010denja, ki je zasnovano na nevronskih mre\u017eah. Novost v tem projektu bo uporaba globokih nevronskih mre\u017e s kompleksnimi podatki.<\/p>\n\n\n\n<p>Cilja projekta sta dva. Prvi je raziskati najbolj primerno tehnologijo s katero je danes mogo\u010de izdelati THz radar. Tukaj se bomo osredoto\u010dili na inovativne pristope k generiranju THz valov. Drugi cilj raziskovalnega projekta je analiza interakcije THz valov z razli\u010dnimi predmeti in postaviti temelje za obdelavo THz radijskih valov, ki jih bomo lahko uporabili v prihodnjih realnih aplikacijah.<\/p>\n\n\n\n<p>V tem raziskovalnem projektu bomo najprej izdelali laboratorijski prototip THz radarja. Radar bo zasnovan na podobnem principu interakcije opti\u010dnega signala s foto prevodno anteno. To je mogo\u010de dose\u010di s pomo\u010djo mikro-obdelave opti\u010dnih vlaken in vodenjem laserskih diod. Trenutno stanje v literaturi ka\u017ee, da ni mogo\u010de generirati poljubnega signala s pomo\u010djo THz valov. V raziskovalnem projektu bomo predlagali poseben na\u010din vodenja laserske diode s pomo\u010djo katerega bo mo\u017eno spreminjati frekvenco THz signala in s tem vplivati na obliko izhodnega signala, ki ga potrebujemo za implementacijo THz radarja z umetno odprtino. V tem delu bomo raziskali na\u010dine generiranja chirp signala s pomo\u010djo laserja in laserske diode in opazovali obliko sprejetega signala na sprejemnih antenah foto prevodnih antenah. Tukaj bomo predlagali design antene tako, da bomo ustvarili polje anten v THz podro\u010dju, za namene generiranja signala. Na ta na\u010din bomo generirane signale lahko usmerjali in se ukvarjali z radarskimi tehnikami generiranja in sprejemanja signala, kot so Spotlight, Stripmap in Stearing na\u010dini delovanja radarja. Polje anten je tudi pomembno za sprejem signala, saj radarja ne \u017eelimo premikati po tirnici ampak bomo ustvarili polje anten in na ta na\u010din simulirali gibanje platforme.<\/p>\n\n\n\n<p>V zadnjem delu projekta bomo uporabili globoko nevronsko mre\u017eo, kjer bomo operacije vse operacije nevronske mre\u017ee zapisali matemati\u010dno s kompleksnimi \u0161tevili. V internih raziskavah smo ugotovili, da lahko s kompleksnim zapisom nevronskih mre\u017e pove\u010damo u\u010dinkovitost prepoznave vzorcev.<\/p>\n\n\n\n<div class=\"wp-container-3 wp-block-buttons\"><\/div>\n","protected":false},"excerpt":{"rendered":"<p>Na osnovi na\u0161ega raziskovalnega dela v zadnjih desetih letih, ki temelji na obdelavi radarskih signalov in implementiranju raznih radarskih sistemov za opazovanje povr\u0161ja Zemlje bomo v tem raziskovalnem projektu znanje poglobili iz na\u010drtovanja radarjev v Tera Hertz-nem (THz) podro\u010dju. Valovanje <a href=\"https:\/\/au.feri.um.si\/losdv\/thz_oprojektu\/\" class=\"read-more\">Read More &#8230;<\/a><\/p>\n","protected":false},"author":4,"featured_media":0,"parent":0,"menu_order":0,"comment_status":"closed","ping_status":"closed","template":"","meta":[],"_links":{"self":[{"href":"https:\/\/au.feri.um.si\/losdv\/wp-json\/wp\/v2\/pages\/77"}],"collection":[{"href":"https:\/\/au.feri.um.si\/losdv\/wp-json\/wp\/v2\/pages"}],"about":[{"href":"https:\/\/au.feri.um.si\/losdv\/wp-json\/wp\/v2\/types\/page"}],"author":[{"embeddable":true,"href":"https:\/\/au.feri.um.si\/losdv\/wp-json\/wp\/v2\/users\/4"}],"replies":[{"embeddable":true,"href":"https:\/\/au.feri.um.si\/losdv\/wp-json\/wp\/v2\/comments?post=77"}],"version-history":[{"count":16,"href":"https:\/\/au.feri.um.si\/losdv\/wp-json\/wp\/v2\/pages\/77\/revisions"}],"predecessor-version":[{"id":356,"href":"https:\/\/au.feri.um.si\/losdv\/wp-json\/wp\/v2\/pages\/77\/revisions\/356"}],"wp:attachment":[{"href":"https:\/\/au.feri.um.si\/losdv\/wp-json\/wp\/v2\/media?parent=77"}],"curies":[{"name":"wp","href":"https:\/\/api.w.org\/{rel}","templated":true}]}}