{"id":401,"date":"2022-03-09T11:24:36","date_gmt":"2022-03-09T10:24:36","guid":{"rendered":"http:\/\/au.feri.um.si\/losdv\/?page_id=401"},"modified":"2023-01-05T09:56:28","modified_gmt":"2023-01-05T08:56:28","slug":"gpr2_delovni_nacrt","status":"publish","type":"page","link":"https:\/\/au.feri.um.si\/losdv\/gpr2_delovni_nacrt\/","title":{"rendered":"Delovni na\u010drt"},"content":{"rendered":"\n<figure class=\"wp-block-image size-large\"><img loading=\"lazy\" width=\"1024\" height=\"108\" src=\"http:\/\/au.feri.um.si\/losdv\/wp-content\/uploads\/sites\/4\/2022\/03\/NATO_SPS_banner_top-4-1024x108.jpg\" alt=\"\" class=\"wp-image-542\" srcset=\"https:\/\/au.feri.um.si\/losdv\/wp-content\/uploads\/sites\/4\/2022\/03\/NATO_SPS_banner_top-4-1024x108.jpg 1024w, https:\/\/au.feri.um.si\/losdv\/wp-content\/uploads\/sites\/4\/2022\/03\/NATO_SPS_banner_top-4-300x32.jpg 300w, https:\/\/au.feri.um.si\/losdv\/wp-content\/uploads\/sites\/4\/2022\/03\/NATO_SPS_banner_top-4-768x81.jpg 768w, https:\/\/au.feri.um.si\/losdv\/wp-content\/uploads\/sites\/4\/2022\/03\/NATO_SPS_banner_top-4-1536x162.jpg 1536w, https:\/\/au.feri.um.si\/losdv\/wp-content\/uploads\/sites\/4\/2022\/03\/NATO_SPS_banner_top-4-2048x216.jpg 2048w, https:\/\/au.feri.um.si\/losdv\/wp-content\/uploads\/sites\/4\/2022\/03\/NATO_SPS_banner_top-4-18x2.jpg 18w, https:\/\/au.feri.um.si\/losdv\/wp-content\/uploads\/sites\/4\/2022\/03\/NATO_SPS_banner_top-4-360x38.jpg 360w\" sizes=\"(max-width: 1024px) 100vw, 1024px\" \/><\/figure>\n\n\n\n<div class=\"wp-container-1 wp-block-buttons\">\n<div class=\"wp-block-button\"><a class=\"wp-block-button__link\" href=\"http:\/\/au.feri.um.si\/losdv\/gpr2_radar\/\">Napredni UAV GPR<\/a><\/div>\n\n\n\n<div class=\"wp-block-button\"><a class=\"wp-block-button__link\" href=\"http:\/\/au.feri.um.si\/losdv\/gpr2_oprojektu\/\">O projektu<\/a><\/div>\n\n\n\n<div class=\"wp-block-button\"><a class=\"wp-block-button__link\" href=\"http:\/\/au.feri.um.si\/losdv\/gpr2_partnerji\/\">Partnerji<\/a><\/div>\n\n\n\n<div class=\"wp-block-button\"><a class=\"wp-block-button__link\" href=\"http:\/\/au.feri.um.si\/losdv\/gpr2_novice\/\">Novice<\/a><\/div>\n\n\n\n<div class=\"wp-block-button\"><a class=\"wp-block-button__link\" href=\"http:\/\/au.feri.um.si\/losdv\/gpr2_delovni_nacrt\/\">Delovni na\u010drt<\/a><\/div>\n\n\n\n<div class=\"wp-block-button\"><a class=\"wp-block-button__link\" href=\"http:\/\/au.feri.um.si\/losdv\/gpr2_diseminacija_projekta\/\">Objave<\/a><\/div>\n<\/div>\n\n\n\n<p><\/p>\n\n\n\n<figure class=\"wp-block-image size-full\"><img loading=\"lazy\" width=\"1021\" height=\"546\" src=\"http:\/\/au.feri.um.si\/losdv\/wp-content\/uploads\/sites\/4\/2022\/03\/image.png\" alt=\"\" class=\"wp-image-422\" srcset=\"https:\/\/au.feri.um.si\/losdv\/wp-content\/uploads\/sites\/4\/2022\/03\/image.png 1021w, https:\/\/au.feri.um.si\/losdv\/wp-content\/uploads\/sites\/4\/2022\/03\/image-300x160.png 300w, https:\/\/au.feri.um.si\/losdv\/wp-content\/uploads\/sites\/4\/2022\/03\/image-768x411.png 768w, https:\/\/au.feri.um.si\/losdv\/wp-content\/uploads\/sites\/4\/2022\/03\/image-18x10.png 18w, https:\/\/au.feri.um.si\/losdv\/wp-content\/uploads\/sites\/4\/2022\/03\/image-360x193.png 360w\" sizes=\"(max-width: 1021px) 100vw, 1021px\" \/><\/figure>\n\n\n\n<p>Slika 1. Delovni na\u010drt predlaganega projekta z delovnimi paketi<\/p>\n\n\n\n<p><br>Na sliki 1 je predstavljenih 6 tematskih tem, ki predstavljajo 6 delovnih paketov (WP), pri \u010demer sta 2 delovna dela upravljavska in raz\u0161irjevalna, 4 delovna delovna podro\u010dja pa so raziskovalne in tehni\u010dne narave. Cilj projekta je razviti napredne tehnike slikanja za radar, ki prodira v tla in analizirati podatke GPR z uporabo naprednih tehnik globokega u\u010denja.<\/p>\n","protected":false},"excerpt":{"rendered":"<p>Slika 1. Delovni na\u010drt predlaganega projekta z delovnimi paketi Na sliki 1 je predstavljenih 6 tematskih tem, ki predstavljajo 6 delovnih paketov (WP), pri \u010demer sta 2 delovna dela upravljavska in raz\u0161irjevalna, 4 delovna delovna podro\u010dja pa so raziskovalne in <a href=\"https:\/\/au.feri.um.si\/losdv\/gpr2_delovni_nacrt\/\" class=\"read-more\">Read More &#8230;<\/a><\/p>\n","protected":false},"author":4,"featured_media":0,"parent":0,"menu_order":0,"comment_status":"closed","ping_status":"closed","template":"","meta":[],"_links":{"self":[{"href":"https:\/\/au.feri.um.si\/losdv\/wp-json\/wp\/v2\/pages\/401"}],"collection":[{"href":"https:\/\/au.feri.um.si\/losdv\/wp-json\/wp\/v2\/pages"}],"about":[{"href":"https:\/\/au.feri.um.si\/losdv\/wp-json\/wp\/v2\/types\/page"}],"author":[{"embeddable":true,"href":"https:\/\/au.feri.um.si\/losdv\/wp-json\/wp\/v2\/users\/4"}],"replies":[{"embeddable":true,"href":"https:\/\/au.feri.um.si\/losdv\/wp-json\/wp\/v2\/comments?post=401"}],"version-history":[{"count":12,"href":"https:\/\/au.feri.um.si\/losdv\/wp-json\/wp\/v2\/pages\/401\/revisions"}],"predecessor-version":[{"id":580,"href":"https:\/\/au.feri.um.si\/losdv\/wp-json\/wp\/v2\/pages\/401\/revisions\/580"}],"wp:attachment":[{"href":"https:\/\/au.feri.um.si\/losdv\/wp-json\/wp\/v2\/media?parent=401"}],"curies":[{"name":"wp","href":"https:\/\/api.w.org\/{rel}","templated":true}]}}