{"id":293,"date":"2022-03-08T09:42:50","date_gmt":"2022-03-08T08:42:50","guid":{"rendered":"http:\/\/au.feri.um.si\/losdv\/?page_id=293"},"modified":"2023-02-15T12:39:08","modified_gmt":"2023-02-15T11:39:08","slug":"domov","status":"publish","type":"page","link":"https:\/\/au.feri.um.si\/losdv\/","title":{"rendered":"O laboratoriju"},"content":{"rendered":"\n<p>Laboratorij se nahaja na fakulteti za elektrotehniko ra\u010dunalni\u0161tvo in informatiko in spada pod univerzo v Mariboru. Je eden izmed treh laboratorijev in\u0161tituta avtomatike. V laboratoriju raziskovalno in pedago\u0161ko delujemo na interdisciplinarnem podro\u010dju obdelave signalov in daljinskega vodenja. Obe podro\u010dji se prepletata, skupni temelj pa je pogosto obdelava signalov. Povedano \u0161ir\u0161e, se ukvarjamo s teorijo signalov in sistemov ter njuno uporabo na razli\u010dnih podro\u010djih, v senzorsko-merilno-regulacijski tehniki, strojnem vidu ter daljinskem zaznavanjem in daljinskem vodenju.<\/p>\n\n\n\n<p>Osebje v laboratoriju raziskuje na projektih in raziskovalnih nalogah, ki se navezujejo na naslednja podro\u010dja:<\/p>\n\n\n\n<p>Daljinsko zaznavanje:<\/p>\n\n\n\n<ul><li><a href=\"https:\/\/au.feri.um.si\/losdv\/sar_obdelava_slik\/\">Obdelava SAR slik<\/a><\/li><li><a href=\"https:\/\/au.feri.um.si\/losdv\/ocena_vlaznosti_tal\/\">Ocena vla\u017enosti tal z radarjem<\/a><\/li><li><a href=\"https:\/\/au.feri.um.si\/losdv\/analiza_tal\/\">Analiza tal z georadarjem<\/a><\/li><li><a href=\"https:\/\/au.feri.um.si\/losdv\/gpr_radar\/\">Iskanje zemeljskih min z UAV<\/a><\/li><li><a href=\"https:\/\/au.feri.um.si\/losdv\/thz_radar\/\">Spektroskopija s THz radarjem<\/a><\/li><\/ul>\n\n\n\n<p>Sistemi daljinskega vodenja:<\/p>\n\n\n\n<ul><li>Dogodkovno vodenje sistemov<\/li><li>Omre\u017eno vodenje sistemov<\/li><li>Porazdeljeno vodenje sistemov<\/li><li>Nelinearni principi vodenja<\/li><li>Adaptivno vodenje<\/li><\/ul>\n\n\n\n<p>Sistemi strojnega vida:<\/p>\n\n\n\n<ul><li><a href=\"https:\/\/au.feri.um.si\/losdv\/kontrola_kakovosti\/\">Kontrola kakovosti<\/a><\/li><li><a href=\"https:\/\/au.feri.um.si\/losdv\/kontrola_kakovosti_odlitkov\/\">Pregled kakovosti aluminijastih odlitkov<\/a><\/li><li><a href=\"https:\/\/au.feri.um.si\/losdv\/detekcija_materiala_hiperspektralna_kamera\/\">Detekcija materiala s hiperspektralno kamero<\/a><\/li><li><a href=\"https:\/\/au.feri.um.si\/losdv\/pregled_povrsine_izdelkov\/\">Pregled povr\u0161ine izdelkov<\/a><\/li><\/ul>\n\n\n\n<p><\/p>\n\n\n\n<div class=\"wp-container-1 wp-block-group\"><div class=\"wp-block-group__inner-container\"><\/div><\/div>\n","protected":false},"excerpt":{"rendered":"<p>Laboratorij se nahaja na fakulteti za elektrotehniko ra\u010dunalni\u0161tvo in informatiko in spada pod univerzo v Mariboru. Je eden izmed treh laboratorijev in\u0161tituta avtomatike. V laboratoriju raziskovalno in pedago\u0161ko delujemo na interdisciplinarnem podro\u010dju obdelave signalov in daljinskega vodenja. Obe podro\u010dji se <a href=\"https:\/\/au.feri.um.si\/losdv\/\" class=\"read-more\">Read More &#8230;<\/a><\/p>\n","protected":false},"author":4,"featured_media":0,"parent":0,"menu_order":0,"comment_status":"closed","ping_status":"closed","template":"","meta":[],"_links":{"self":[{"href":"https:\/\/au.feri.um.si\/losdv\/wp-json\/wp\/v2\/pages\/293"}],"collection":[{"href":"https:\/\/au.feri.um.si\/losdv\/wp-json\/wp\/v2\/pages"}],"about":[{"href":"https:\/\/au.feri.um.si\/losdv\/wp-json\/wp\/v2\/types\/page"}],"author":[{"embeddable":true,"href":"https:\/\/au.feri.um.si\/losdv\/wp-json\/wp\/v2\/users\/4"}],"replies":[{"embeddable":true,"href":"https:\/\/au.feri.um.si\/losdv\/wp-json\/wp\/v2\/comments?post=293"}],"version-history":[{"count":45,"href":"https:\/\/au.feri.um.si\/losdv\/wp-json\/wp\/v2\/pages\/293\/revisions"}],"predecessor-version":[{"id":1567,"href":"https:\/\/au.feri.um.si\/losdv\/wp-json\/wp\/v2\/pages\/293\/revisions\/1567"}],"wp:attachment":[{"href":"https:\/\/au.feri.um.si\/losdv\/wp-json\/wp\/v2\/media?parent=293"}],"curies":[{"name":"wp","href":"https:\/\/api.w.org\/{rel}","templated":true}]}}