{"id":29,"date":"2020-11-20T14:17:38","date_gmt":"2020-11-20T13:17:38","guid":{"rendered":"http:\/\/au.feri.um.si\/losdv\/?page_id=29"},"modified":"2025-11-06T09:56:18","modified_gmt":"2025-11-06T08:56:18","slug":"sodelavci","status":"publish","type":"page","link":"https:\/\/au.feri.um.si\/losdv\/sodelavci\/","title":{"rendered":"Osebje"},"content":{"rendered":"\n<p><strong><a href=\"https:\/\/www.sicris.si\/public\/jqm\/search_basic.aspx?lang=slv&amp;opdescr=rsrSearch&amp;opt=2&amp;subopt=3&amp;code1=rsr&amp;code2=nameadvanced&amp;search_term=name=du%C5%A1an%20gleich%20and%20sci=%20and%20fil=%20and%20sub=%20and%20type=%20and%20stat=%20and%20edulevl=\">Vodja laboratorija: red. prof. dr. DU\u0160AN GLEICH, univ. dipl. in\u017e. el.<\/a><\/strong><\/p>\n\n\n\n<ul><li>+386 (2) 22 07 128<\/li><li>dusan.gleich@um.si<\/li><\/ul>\n\n\n\n<p><strong><a href=\"https:\/\/www.sicris.si\/public\/jqm\/search_basic.aspx?lang=slv&amp;opdescr=rsrSearch&amp;opt=2&amp;subopt=3&amp;code1=rsr&amp;code2=nameadvanced&amp;search_term=name=andrej%20sarja%C5%A1%20and%20sci=%20and%20fil=%20and%20sub=%20and%20type=%20and%20stat=%20and%20edulevl=\">izr. prof. dr. ANDREJ SARJA\u0160, univ. dipl. in\u017e. el.<\/a><\/strong><\/p>\n\n\n\n<ul><li>+386 (2) 22 07 143<\/li><li>andrej.sarjas@um.si<\/li><\/ul>\n\n\n\n<p><strong><a href=\"https:\/\/www.sicris.si\/public\/jqm\/search_basic.aspx?lang=slv&amp;opdescr=rsrSearch&amp;opt=2&amp;subopt=3&amp;code1=rsr&amp;code2=nameadvanced&amp;search_term=name=BLA%C5%BD%20PONGRAC%20and%20sci=%20and%20fil=%20and%20sub=%20and%20type=%20and%20stat=%20and%20edulevl=\">asist. BLA\u017d PONGRAC, mag. in\u017e. el.<\/a><\/strong><\/p>\n\n\n\n<ul><li>+386 (2) 22 07 130<\/li><li>blaz.pongrac1@um.si<\/li><\/ul>\n\n\n\n<p><strong><a href=\"https:\/\/www.sicris.si\/public\/jqm\/rsr.aspx?lang=slv&amp;opdescr=rsrSearch&amp;opt=2&amp;subopt=300&amp;code1=rsr&amp;code2=nameadvanced&amp;psize=10&amp;hits=2&amp;page=1&amp;count=2&amp;id=48066&amp;slng=slv&amp;search_term=name%3dMARKO+VOVK+and+sci%3d+and+fil%3d+and+sub%3d+and+type%3d+and+stat%3d+and+edulevl%3d&amp;order_by=\">tehni\u0161ki sodelavec MARKO VOVK, dipl. in\u017e. el.<\/a><\/strong><\/p>\n\n\n\n<ul><li>+386 (2) 22 07 146<\/li><li>marko.vovk1@um.si<\/li><\/ul>\n\n\n\n<p><strong><a href=\"https:\/\/www.sicris.si\/public\/jqm\/rsr.aspx?lang=slv&amp;opdescr=rsrSearch&amp;opt=2&amp;subopt=300&amp;code1=rsr&amp;code2=nameadvanced&amp;psize=10&amp;hits=2&amp;page=1&amp;count=2&amp;id=48066&amp;slng=slv&amp;search_term=name%3dMARKO+VOVK+and+sci%3d+and+fil%3d+and+sub%3d+and+type%3d+and+stat%3d+and+edulevl%3d&amp;order_by=\">mladi raziskovalec PRIMO\u017d SMOGAVEC, mag. in\u017e. el.<\/a><\/strong><\/p>\n\n\n\n<ul><li>+386 (2) 22 07 122<\/li><li>primoz.smogavec@um.si<\/li><\/ul>\n\n\n\n<p><strong><a href=\"https:\/\/www.sicris.si\/public\/jqm\/rsr.aspx?lang=slv&amp;opdescr=rsrSearch&amp;opt=2&amp;subopt=300&amp;code1=rsr&amp;code2=nameadvanced&amp;psize=10&amp;hits=2&amp;page=1&amp;count=2&amp;id=48066&amp;slng=slv&amp;search_term=name%3dMARKO+VOVK+and+sci%3d+and+fil%3d+and+sub%3d+and+type%3d+and+stat%3d+and+edulevl%3d&amp;order_by=\">prof. dr. \u017dARKO \u010cU\u010cEJ, univ. dipl. in\u017e. el.<\/a><\/strong><\/p>\n\n\n\n<ul><li>+386 (2) 22 07 140<\/li><li><a>zarko.cucej@guest.um.si<\/a><\/li><\/ul>\n\n\n\n<p><strong><a href=\"https:\/\/www.sicris.si\/public\/jqm\/rsr.aspx?lang=slv&amp;opdescr=rsrSearch&amp;opt=2&amp;subopt=300&amp;code1=rsr&amp;code2=nameadvanced&amp;psize=10&amp;hits=2&amp;page=1&amp;count=2&amp;id=48066&amp;slng=slv&amp;search_term=name%3dMARKO+VOVK+and+sci%3d+and+fil%3d+and+sub%3d+and+type%3d+and+stat%3d+and+edulevl%3d&amp;order_by=\">asist. PANE ANDOV, mag. in\u017e. el.<\/a><\/strong><\/p>\n\n\n\n<ul><li>+386 (2) 22 07 104<\/li><li><a>pane.andov@um.si<\/a><\/li><\/ul>\n\n\n\n<p><strong><a href=\"https:\/\/www.sicris.si\/public\/jqm\/rsr.aspx?lang=slv&amp;opdescr=rsrSearch&amp;opt=2&amp;subopt=300&amp;code1=rsr&amp;code2=nameadvanced&amp;psize=10&amp;hits=2&amp;page=1&amp;count=2&amp;id=48066&amp;slng=slv&amp;search_term=name%3dMARKO+VOVK+and+sci%3d+and+fil%3d+and+sub%3d+and+type%3d+and+stat%3d+and+edulevl%3d&amp;order_by=\"><strong><a href=\"https:\/\/www.sicris.si\/public\/jqm\/rsr.aspx?lang=slv&amp;opdescr=rsrSearch&amp;opt=2&amp;subopt=300&amp;code1=rsr&amp;code2=nameadvanced&amp;psize=10&amp;hits=2&amp;page=1&amp;count=2&amp;id=48066&amp;slng=slv&amp;search_term=name%3dMARKO+VOVK+and+sci%3d+and+fil%3d+and+sub%3d+and+type%3d+and+stat%3d+and+edulevl%3d&amp;order_by=\">mladi raziskovalec JON TOFANT, mag. in\u017e. el.<\/a><\/strong><\/a><\/strong><\/p>\n\n\n\n<ul><li>+386 (2) 22 07 139<\/li><li><a>jon.tofant@um.si<\/a><\/li><\/ul>\n\n\n\n<div class=\"wp-container-1 wp-block-group\"><div class=\"wp-block-group__inner-container\">\n<hr class=\"wp-block-separator\" \/>\n<\/div><\/div>\n\n\n\n<p>Nekdanji sodelavci:<\/p>\n\n\n\n<div class=\"wp-container-2 wp-block-buttons\"><\/div>\n\n\n\n<ul><li>asist. BENJAMIN DVOR\u0160AK, mag. in\u017e. el <\/li><li>doc. dr. MARKO MALAJNER, univ. dipl. in\u017e. el.<\/li><li>izr. prof. dr. RAJKO SVE\u010cKO, univ. dipl. in\u017e. el.<\/li><li>izr. prof. dr. PETER PLANIN\u0160I\u010c, univ. dipl. in\u017e. el.<\/li><li>raziskovalec DANIJEL \u0160IPO\u0160, mag. in\u017e. elektroteh.<\/li><li>tehni\u0161ki sodelavec ANDREJ KNUPLE\u017d, dipl. in\u017e. el.<\/li><\/ul>\n","protected":false},"excerpt":{"rendered":"<p>Vodja laboratorija: red. prof. dr. DU\u0160AN GLEICH, univ. dipl. in\u017e. el. +386 (2) 22 07 128 dusan.gleich@um.si izr. prof. dr. ANDREJ SARJA\u0160, univ. dipl. in\u017e. el. +386 (2) 22 07 143 andrej.sarjas@um.si asist. BLA\u017d PONGRAC, mag. in\u017e. el. +386 (2) <a href=\"https:\/\/au.feri.um.si\/losdv\/sodelavci\/\" class=\"read-more\">Read More &#8230;<\/a><\/p>\n","protected":false},"author":4,"featured_media":0,"parent":0,"menu_order":0,"comment_status":"closed","ping_status":"closed","template":"","meta":[],"_links":{"self":[{"href":"https:\/\/au.feri.um.si\/losdv\/wp-json\/wp\/v2\/pages\/29"}],"collection":[{"href":"https:\/\/au.feri.um.si\/losdv\/wp-json\/wp\/v2\/pages"}],"about":[{"href":"https:\/\/au.feri.um.si\/losdv\/wp-json\/wp\/v2\/types\/page"}],"author":[{"embeddable":true,"href":"https:\/\/au.feri.um.si\/losdv\/wp-json\/wp\/v2\/users\/4"}],"replies":[{"embeddable":true,"href":"https:\/\/au.feri.um.si\/losdv\/wp-json\/wp\/v2\/comments?post=29"}],"version-history":[{"count":43,"href":"https:\/\/au.feri.um.si\/losdv\/wp-json\/wp\/v2\/pages\/29\/revisions"}],"predecessor-version":[{"id":1665,"href":"https:\/\/au.feri.um.si\/losdv\/wp-json\/wp\/v2\/pages\/29\/revisions\/1665"}],"wp:attachment":[{"href":"https:\/\/au.feri.um.si\/losdv\/wp-json\/wp\/v2\/media?parent=29"}],"curies":[{"name":"wp","href":"https:\/\/api.w.org\/{rel}","templated":true}]}}