{"id":27,"date":"2020-11-20T14:17:05","date_gmt":"2020-11-20T13:17:05","guid":{"rendered":"http:\/\/au.feri.um.si\/losdv\/?page_id=27"},"modified":"2023-01-05T11:35:22","modified_gmt":"2023-01-05T10:35:22","slug":"industrija","status":"publish","type":"page","link":"https:\/\/au.feri.um.si\/losdv\/industrija\/","title":{"rendered":"Industrija"},"content":{"rendered":"\n<p>Namen projektnega dela je prena\u0161ati znanje in izku\u0161nje, ter hkrati spletati vezi s strokovnjaki iz na\u0161ega podro\u010dja doma in v tujini. Zaposleni v laboratoriju delujemo na raznih projektih povezanih z industrijo, kjer re\u0161ujemo probleme pri kon\u010dni kontroli izdelkov, analizi materialov, ocene vla\u017enosti in analizi tal.<\/p>\n","protected":false},"excerpt":{"rendered":"<p>Namen projektnega dela je prena\u0161ati znanje in izku\u0161nje, ter hkrati spletati vezi s strokovnjaki iz na\u0161ega podro\u010dja doma in v tujini. Zaposleni v laboratoriju delujemo na raznih projektih povezanih z industrijo, kjer re\u0161ujemo probleme pri kon\u010dni kontroli izdelkov, analizi materialov, <a href=\"https:\/\/au.feri.um.si\/losdv\/industrija\/\" class=\"read-more\">Read More &#8230;<\/a><\/p>\n","protected":false},"author":4,"featured_media":0,"parent":0,"menu_order":0,"comment_status":"closed","ping_status":"closed","template":"","meta":[],"_links":{"self":[{"href":"https:\/\/au.feri.um.si\/losdv\/wp-json\/wp\/v2\/pages\/27"}],"collection":[{"href":"https:\/\/au.feri.um.si\/losdv\/wp-json\/wp\/v2\/pages"}],"about":[{"href":"https:\/\/au.feri.um.si\/losdv\/wp-json\/wp\/v2\/types\/page"}],"author":[{"embeddable":true,"href":"https:\/\/au.feri.um.si\/losdv\/wp-json\/wp\/v2\/users\/4"}],"replies":[{"embeddable":true,"href":"https:\/\/au.feri.um.si\/losdv\/wp-json\/wp\/v2\/comments?post=27"}],"version-history":[{"count":11,"href":"https:\/\/au.feri.um.si\/losdv\/wp-json\/wp\/v2\/pages\/27\/revisions"}],"predecessor-version":[{"id":1330,"href":"https:\/\/au.feri.um.si\/losdv\/wp-json\/wp\/v2\/pages\/27\/revisions\/1330"}],"wp:attachment":[{"href":"https:\/\/au.feri.um.si\/losdv\/wp-json\/wp\/v2\/media?parent=27"}],"curies":[{"name":"wp","href":"https:\/\/api.w.org\/{rel}","templated":true}]}}