{"id":25,"date":"2020-11-20T14:16:45","date_gmt":"2020-11-20T13:16:45","guid":{"rendered":"http:\/\/au.feri.um.si\/losdv\/?page_id=25"},"modified":"2022-05-19T09:18:59","modified_gmt":"2022-05-19T08:18:59","slug":"raziskovalno-delo","status":"publish","type":"page","link":"https:\/\/au.feri.um.si\/losdv\/raziskovalno-delo\/","title":{"rendered":"Raziskovanje"},"content":{"rendered":"\n<p>Izhodi\u0161\u010de delovanja laboratorija je raziskovalna dejavnost na podro\u010dju avtomatike v elektrotehniki. Kon\u010dne cilje na\u0161ega raziskovalnega dela lahko strnemo v naslednje to\u010dke:<\/p>\n\n\n\n<ul><li>Preko sodelovanja z gospodarstvom ustvariti dodano vrednost pri razvoju industrije. Laboratoriji In\u0161tituta za avtomatiko vzdr\u017eujejo kontakte z ve\u010dino slovenskih podjetij, ki so aktivna na podro\u010dju avtomatike, prav tako pa sodelujemo z ve\u010d tujimi podjetji. Projekti v sodelovanju z industrijo nam pomenijo velik izziv, saj lahko na\u0161e znanje implementiramo v realno okolje.<\/li><li>Preko projektov prena\u0161ati znanje in izku\u0161nje ter hkrati spletati vezi s strokovnjaki iz na\u0161ega podro\u010dja doma in v tujini. Zaposleni na In\u0161titutu za avtomatiko sodelujemo v dveh programskih skupinah: &#8220;Telematika&#8221; in &#8220;Opti\u010dni senzorji in napredni interaktivni vmesniki&#8221;.<\/li><li>Preko pedago\u0161kega dela prena\u0161ati z raziskovalnim delom pridobljeno znanje in \u0161iriti bazo strokovnega kadra in ga \u010dim bolj u\u010dinkovito plasirati v gospodarstvo. \u0160tudentom omogo\u010damo aktivno sodelovanje pri projektih. V ta namen objavljamo seznam \u0161tudentskih projektov, preko katerih si lahko pridobijo potrebno znanje in izku\u0161nje ter hkrati pripravijo material za izdelavo seminarskih ali diplomskih nalog.<\/li><\/ul>\n","protected":false},"excerpt":{"rendered":"<p>Izhodi\u0161\u010de delovanja laboratorija je raziskovalna dejavnost na podro\u010dju avtomatike v elektrotehniki. Kon\u010dne cilje na\u0161ega raziskovalnega dela lahko strnemo v naslednje to\u010dke: Preko sodelovanja z gospodarstvom ustvariti dodano vrednost pri razvoju industrije. Laboratoriji In\u0161tituta za avtomatiko vzdr\u017eujejo kontakte z ve\u010dino slovenskih <a href=\"https:\/\/au.feri.um.si\/losdv\/raziskovalno-delo\/\" class=\"read-more\">Read More &#8230;<\/a><\/p>\n","protected":false},"author":4,"featured_media":0,"parent":0,"menu_order":0,"comment_status":"closed","ping_status":"closed","template":"","meta":[],"_links":{"self":[{"href":"https:\/\/au.feri.um.si\/losdv\/wp-json\/wp\/v2\/pages\/25"}],"collection":[{"href":"https:\/\/au.feri.um.si\/losdv\/wp-json\/wp\/v2\/pages"}],"about":[{"href":"https:\/\/au.feri.um.si\/losdv\/wp-json\/wp\/v2\/types\/page"}],"author":[{"embeddable":true,"href":"https:\/\/au.feri.um.si\/losdv\/wp-json\/wp\/v2\/users\/4"}],"replies":[{"embeddable":true,"href":"https:\/\/au.feri.um.si\/losdv\/wp-json\/wp\/v2\/comments?post=25"}],"version-history":[{"count":4,"href":"https:\/\/au.feri.um.si\/losdv\/wp-json\/wp\/v2\/pages\/25\/revisions"}],"predecessor-version":[{"id":998,"href":"https:\/\/au.feri.um.si\/losdv\/wp-json\/wp\/v2\/pages\/25\/revisions\/998"}],"wp:attachment":[{"href":"https:\/\/au.feri.um.si\/losdv\/wp-json\/wp\/v2\/media?parent=25"}],"curies":[{"name":"wp","href":"https:\/\/api.w.org\/{rel}","templated":true}]}}