{"id":183,"date":"2022-02-23T11:35:39","date_gmt":"2022-02-23T10:35:39","guid":{"rendered":"http:\/\/au.feri.um.si\/losdv\/?page_id=183"},"modified":"2025-03-13T14:01:43","modified_gmt":"2025-03-13T13:01:43","slug":"gpr2_radar","status":"publish","type":"page","link":"https:\/\/au.feri.um.si\/losdv\/gpr2_radar\/","title":{"rendered":"NATO &#8211; SPS Project 2"},"content":{"rendered":"\n<p><strong>NAPREDNE TEHNIKE GPR, KI TEMELJIJO NA UAV, ZA ODKRIVANJE EKSPLOZIV<\/strong><\/p>\n\n\n\n<figure class=\"wp-block-image size-large\"><img loading=\"lazy\" width=\"1024\" height=\"108\" src=\"http:\/\/au.feri.um.si\/losdv\/wp-content\/uploads\/sites\/4\/2022\/03\/NATO_SPS_banner_top-1024x108.jpg\" alt=\"\" class=\"wp-image-534\" srcset=\"https:\/\/au.feri.um.si\/losdv\/wp-content\/uploads\/sites\/4\/2022\/03\/NATO_SPS_banner_top-1024x108.jpg 1024w, https:\/\/au.feri.um.si\/losdv\/wp-content\/uploads\/sites\/4\/2022\/03\/NATO_SPS_banner_top-300x32.jpg 300w, https:\/\/au.feri.um.si\/losdv\/wp-content\/uploads\/sites\/4\/2022\/03\/NATO_SPS_banner_top-768x81.jpg 768w, https:\/\/au.feri.um.si\/losdv\/wp-content\/uploads\/sites\/4\/2022\/03\/NATO_SPS_banner_top-1536x162.jpg 1536w, https:\/\/au.feri.um.si\/losdv\/wp-content\/uploads\/sites\/4\/2022\/03\/NATO_SPS_banner_top-2048x216.jpg 2048w, https:\/\/au.feri.um.si\/losdv\/wp-content\/uploads\/sites\/4\/2022\/03\/NATO_SPS_banner_top-18x2.jpg 18w, https:\/\/au.feri.um.si\/losdv\/wp-content\/uploads\/sites\/4\/2022\/03\/NATO_SPS_banner_top-360x38.jpg 360w\" sizes=\"(max-width: 1024px) 100vw, 1024px\" \/><\/figure>\n\n\n\n<div class=\"wp-container-1 wp-block-buttons\">\n<div class=\"wp-block-button\"><a class=\"wp-block-button__link\" href=\"http:\/\/au.feri.um.si\/losdv\/gpr2_radar\/\">Napredni UAV GPR<\/a><\/div>\n\n\n\n<div class=\"wp-block-button\"><a class=\"wp-block-button__link\" href=\"http:\/\/au.feri.um.si\/losdv\/gpr2_oprojektu\/\">O projektu<\/a><\/div>\n\n\n\n<div class=\"wp-block-button\"><a class=\"wp-block-button__link\" href=\"http:\/\/au.feri.um.si\/losdv\/gpr2_partnerji\/\">Partnerji<\/a><\/div>\n\n\n\n<div class=\"wp-block-button\"><a class=\"wp-block-button__link\" href=\"http:\/\/au.feri.um.si\/losdv\/gpr2_novice\/\">Novice<\/a><\/div>\n\n\n\n<div class=\"wp-block-button\"><a class=\"wp-block-button__link\" href=\"http:\/\/au.feri.um.si\/losdv\/gpr2_delovni_nacrt\/\">Delovni na\u010drt<\/a><\/div>\n\n\n\n<div class=\"wp-block-button\"><a class=\"wp-block-button__link\" href=\"http:\/\/au.feri.um.si\/losdv\/gpr2_diseminacija_projekta\/\">Objave<\/a><\/div>\n<\/div>\n\n\n\n<p><\/p>\n\n\n\n<p>Ta projekt predstavlja razvoj naprednih tehnik slikanja, kot sta SAR in mikrovalovna tomografija, za odkrivanje eksploziva, ki prodira v tla, z uporabo miniaturnih lahkih radarskih naprav, ki jih je mogo\u010de pritrditi na zra\u010dna plovila brez posadke (UAV). Mikrovalovna tomografija daje dodatne informacije glede oblike in velikosti predmeta ter njegove dielektri\u010dne prepustnosti, vendar zahteva ve\u010dkratne meritve. Upo\u0161tevamo dva primera, en sam premikajo\u010di se UAV, ki nosi tako oddajnik kot sprejemnik (ve\u010d-monostatski na\u010din) in dva premikajo\u010da se UAV, ki nosita oddajnik in sprejemnik v bistati\u010dnem na\u010dinu. Polarimetri\u010dne lastnosti bodo uporabljene tudi za bolj\u0161o karakterizacijo podzemnih objektov. Tehnike strojnega u\u010denja bodo uporabljene za analizo radarskih podatkov ter za odkrivanje in razvr\u0161\u010danje zakopanih predmetov.<\/p>\n\n\n\n<figure class=\"wp-block-image\"><img loading=\"lazy\" width=\"580\" height=\"375\" src=\"http:\/\/au.feri.um.si\/losdv\/wp-content\/uploads\/sites\/4\/2022\/03\/image-2.png\" alt=\"\" class=\"wp-image-432\" srcset=\"https:\/\/au.feri.um.si\/losdv\/wp-content\/uploads\/sites\/4\/2022\/03\/image-2.png 580w, https:\/\/au.feri.um.si\/losdv\/wp-content\/uploads\/sites\/4\/2022\/03\/image-2-300x194.png 300w, https:\/\/au.feri.um.si\/losdv\/wp-content\/uploads\/sites\/4\/2022\/03\/image-2-18x12.png 18w, https:\/\/au.feri.um.si\/losdv\/wp-content\/uploads\/sites\/4\/2022\/03\/image-2-360x233.png 360w\" sizes=\"(max-width: 580px) 100vw, 580px\" \/><\/figure>\n\n\n\n<p>Slika1. Kontrolni sistem z bazno postajo.<\/p>\n\n\n\n<p><\/p>\n","protected":false},"excerpt":{"rendered":"<p>NAPREDNE TEHNIKE GPR, KI TEMELJIJO NA UAV, ZA ODKRIVANJE EKSPLOZIV Ta projekt predstavlja razvoj naprednih tehnik slikanja, kot sta SAR in mikrovalovna tomografija, za odkrivanje eksploziva, ki prodira v tla, z uporabo miniaturnih lahkih radarskih naprav, ki jih je mogo\u010de <a href=\"https:\/\/au.feri.um.si\/losdv\/gpr2_radar\/\" class=\"read-more\">Read More &#8230;<\/a><\/p>\n","protected":false},"author":4,"featured_media":0,"parent":0,"menu_order":0,"comment_status":"closed","ping_status":"closed","template":"","meta":[],"_links":{"self":[{"href":"https:\/\/au.feri.um.si\/losdv\/wp-json\/wp\/v2\/pages\/183"}],"collection":[{"href":"https:\/\/au.feri.um.si\/losdv\/wp-json\/wp\/v2\/pages"}],"about":[{"href":"https:\/\/au.feri.um.si\/losdv\/wp-json\/wp\/v2\/types\/page"}],"author":[{"embeddable":true,"href":"https:\/\/au.feri.um.si\/losdv\/wp-json\/wp\/v2\/users\/4"}],"replies":[{"embeddable":true,"href":"https:\/\/au.feri.um.si\/losdv\/wp-json\/wp\/v2\/comments?post=183"}],"version-history":[{"count":19,"href":"https:\/\/au.feri.um.si\/losdv\/wp-json\/wp\/v2\/pages\/183\/revisions"}],"predecessor-version":[{"id":1642,"href":"https:\/\/au.feri.um.si\/losdv\/wp-json\/wp\/v2\/pages\/183\/revisions\/1642"}],"wp:attachment":[{"href":"https:\/\/au.feri.um.si\/losdv\/wp-json\/wp\/v2\/media?parent=183"}],"curies":[{"name":"wp","href":"https:\/\/api.w.org\/{rel}","templated":true}]}}