{"id":1036,"date":"2022-12-01T08:28:42","date_gmt":"2022-12-01T07:28:42","guid":{"rendered":"https:\/\/au.feri.um.si\/losdv\/?page_id=1036"},"modified":"2023-01-31T08:42:18","modified_gmt":"2023-01-31T07:42:18","slug":"radar","status":"publish","type":"page","link":"https:\/\/au.feri.um.si\/losdv\/radar\/","title":{"rendered":"Prototipiranje GPR Radarjev"},"content":{"rendered":"\n<p>Na\u010drtujemo in izdelujemo prototipe FMCW, SFCW in Pulznih GPR radarjev v aplikacijah za detekcijo kopenskih min in meritve vlage v tleh, ter potrebno programsko opremo za zajem, obdelavo in prikaz podatkov. FMCW in SFCW GPR radarji so na voljo v kompaktni izvedbi, po \u017eelji tudi v kombinaciji z <a href=\"https:\/\/au.feri.um.si\/losdv\/brezpilotni-zrakoplov\/\"><em>brezpilotnim letalnikom<\/em><\/a>.<\/p>\n\n\n\n<div class=\"wp-block-image is-style-default\"><figure class=\"alignleft size-large is-resized\"><img loading=\"lazy\" src=\"http:\/\/au.feri.um.si\/losdv\/wp-content\/uploads\/sites\/4\/2022\/12\/IMG_20220518_093536-768x1024.jpg\" alt=\"\" class=\"wp-image-1046\" width=\"576\" height=\"768\" srcset=\"https:\/\/au.feri.um.si\/losdv\/wp-content\/uploads\/sites\/4\/2022\/12\/IMG_20220518_093536-768x1024.jpg 768w, https:\/\/au.feri.um.si\/losdv\/wp-content\/uploads\/sites\/4\/2022\/12\/IMG_20220518_093536-225x300.jpg 225w, https:\/\/au.feri.um.si\/losdv\/wp-content\/uploads\/sites\/4\/2022\/12\/IMG_20220518_093536-1152x1536.jpg 1152w, https:\/\/au.feri.um.si\/losdv\/wp-content\/uploads\/sites\/4\/2022\/12\/IMG_20220518_093536-1536x2048.jpg 1536w, https:\/\/au.feri.um.si\/losdv\/wp-content\/uploads\/sites\/4\/2022\/12\/IMG_20220518_093536-9x12.jpg 9w, https:\/\/au.feri.um.si\/losdv\/wp-content\/uploads\/sites\/4\/2022\/12\/IMG_20220518_093536-203x270.jpg 203w, https:\/\/au.feri.um.si\/losdv\/wp-content\/uploads\/sites\/4\/2022\/12\/IMG_20220518_093536-scaled.jpg 1920w\" sizes=\"(max-width: 576px) 100vw, 576px\" \/><figcaption>FMCW radar<\/figcaption><\/figure><\/div>\n\n\n\n<figure class=\"wp-block-image size-full is-resized\"><img loading=\"lazy\" src=\"https:\/\/au.feri.um.si\/losdv\/wp-content\/uploads\/sites\/4\/2023\/01\/image-33.png\" alt=\"\" class=\"wp-image-1380\" width=\"506\" height=\"289\" srcset=\"https:\/\/au.feri.um.si\/losdv\/wp-content\/uploads\/sites\/4\/2023\/01\/image-33.png 1012w, https:\/\/au.feri.um.si\/losdv\/wp-content\/uploads\/sites\/4\/2023\/01\/image-33-300x171.png 300w, https:\/\/au.feri.um.si\/losdv\/wp-content\/uploads\/sites\/4\/2023\/01\/image-33-768x438.png 768w, https:\/\/au.feri.um.si\/losdv\/wp-content\/uploads\/sites\/4\/2023\/01\/image-33-18x10.png 18w, https:\/\/au.feri.um.si\/losdv\/wp-content\/uploads\/sites\/4\/2023\/01\/image-33-360x205.png 360w\" sizes=\"(max-width: 506px) 100vw, 506px\" \/><figcaption>Prikaz oddanega in sprejetega signala v realnem \u010dasu<\/figcaption><\/figure>\n\n\n\n<figure class=\"wp-block-image size-full is-resized\"><img loading=\"lazy\" src=\"https:\/\/au.feri.um.si\/losdv\/wp-content\/uploads\/sites\/4\/2023\/01\/image-34.png\" alt=\"\" class=\"wp-image-1381\" width=\"506\" height=\"289\" \/><figcaption>Prikaz zlo\u017eenih vzorcev v \u010dasovni domeni (levo) in frekven\u010dni domeni (desno)<\/figcaption><\/figure>\n\n\n\n<p><\/p>\n\n\n\n<div class=\"wp-block-image\"><figure class=\"alignleft size-large is-resized\"><img loading=\"lazy\" src=\"https:\/\/au.feri.um.si\/losdv\/wp-content\/uploads\/sites\/4\/2023\/01\/image-41-1024x640.png\" alt=\"\" class=\"wp-image-1412\" width=\"512\" height=\"320\" srcset=\"https:\/\/au.feri.um.si\/losdv\/wp-content\/uploads\/sites\/4\/2023\/01\/image-41-1024x640.png 1024w, https:\/\/au.feri.um.si\/losdv\/wp-content\/uploads\/sites\/4\/2023\/01\/image-41-300x188.png 300w, https:\/\/au.feri.um.si\/losdv\/wp-content\/uploads\/sites\/4\/2023\/01\/image-41-768x480.png 768w, https:\/\/au.feri.um.si\/losdv\/wp-content\/uploads\/sites\/4\/2023\/01\/image-41-1536x960.png 1536w, https:\/\/au.feri.um.si\/losdv\/wp-content\/uploads\/sites\/4\/2023\/01\/image-41-2048x1280.png 2048w, https:\/\/au.feri.um.si\/losdv\/wp-content\/uploads\/sites\/4\/2023\/01\/image-41-18x12.png 18w, https:\/\/au.feri.um.si\/losdv\/wp-content\/uploads\/sites\/4\/2023\/01\/image-41-360x225.png 360w\" sizes=\"(max-width: 512px) 100vw, 512px\" \/><figcaption>Grafi\u010dni prikaz detekcije voja\u0161kih min, s pomo\u010djo brezpilotnega zrakoplova in GPR radarja<\/figcaption><\/figure><\/div>\n\n\n\n<div class=\"wp-block-image\"><figure class=\"alignleft size-large\"><img loading=\"lazy\" width=\"1024\" height=\"555\" src=\"https:\/\/au.feri.um.si\/losdv\/wp-content\/uploads\/sites\/4\/2023\/01\/Untitled-4-1024x555.jpg\" alt=\"\" class=\"wp-image-1554\" srcset=\"https:\/\/au.feri.um.si\/losdv\/wp-content\/uploads\/sites\/4\/2023\/01\/Untitled-4-1024x555.jpg 1024w, https:\/\/au.feri.um.si\/losdv\/wp-content\/uploads\/sites\/4\/2023\/01\/Untitled-4-300x163.jpg 300w, https:\/\/au.feri.um.si\/losdv\/wp-content\/uploads\/sites\/4\/2023\/01\/Untitled-4-768x416.jpg 768w, https:\/\/au.feri.um.si\/losdv\/wp-content\/uploads\/sites\/4\/2023\/01\/Untitled-4-1536x832.jpg 1536w, https:\/\/au.feri.um.si\/losdv\/wp-content\/uploads\/sites\/4\/2023\/01\/Untitled-4-18x10.jpg 18w, https:\/\/au.feri.um.si\/losdv\/wp-content\/uploads\/sites\/4\/2023\/01\/Untitled-4-360x195.jpg 360w, https:\/\/au.feri.um.si\/losdv\/wp-content\/uploads\/sites\/4\/2023\/01\/Untitled-4.jpg 1644w\" sizes=\"(max-width: 1024px) 100vw, 1024px\" \/><figcaption>SAR slika, prikazuje posnetek okolja in opazovane &#8220;tar\u010de&#8221; &#8211; korner antene. <br>Posnetek je narejen z FMCW radarjem name\u0161\u010denim na dronu.<\/figcaption><\/figure><\/div>\n\n\n\n<div class=\"wp-block-image\"><figure class=\"alignleft size-large\"><img loading=\"lazy\" width=\"1024\" height=\"555\" src=\"https:\/\/au.feri.um.si\/losdv\/wp-content\/uploads\/sites\/4\/2023\/01\/Untitled-3-1024x555.jpg\" alt=\"\" class=\"wp-image-1555\" srcset=\"https:\/\/au.feri.um.si\/losdv\/wp-content\/uploads\/sites\/4\/2023\/01\/Untitled-3-1024x555.jpg 1024w, https:\/\/au.feri.um.si\/losdv\/wp-content\/uploads\/sites\/4\/2023\/01\/Untitled-3-300x163.jpg 300w, https:\/\/au.feri.um.si\/losdv\/wp-content\/uploads\/sites\/4\/2023\/01\/Untitled-3-768x416.jpg 768w, https:\/\/au.feri.um.si\/losdv\/wp-content\/uploads\/sites\/4\/2023\/01\/Untitled-3-1536x832.jpg 1536w, https:\/\/au.feri.um.si\/losdv\/wp-content\/uploads\/sites\/4\/2023\/01\/Untitled-3-18x10.jpg 18w, https:\/\/au.feri.um.si\/losdv\/wp-content\/uploads\/sites\/4\/2023\/01\/Untitled-3-360x195.jpg 360w, https:\/\/au.feri.um.si\/losdv\/wp-content\/uploads\/sites\/4\/2023\/01\/Untitled-3.jpg 1644w\" sizes=\"(max-width: 1024px) 100vw, 1024px\" \/><figcaption>Geo kodirana SAR slika, prikazuje posnetek okolja in opazovane &#8220;tar\u010de&#8221; &#8211; korner antene. <br>Posnetek je narejen z FMCW radarjem name\u0161\u010denim na dronu.<\/figcaption><\/figure><\/div>\n\n\n\n<p><\/p>\n\n\n\n<p><\/p>\n\n\n\n<p><\/p>\n\n\n\n<p><\/p>\n","protected":false},"excerpt":{"rendered":"<p>Na\u010drtujemo in izdelujemo prototipe FMCW, SFCW in Pulznih GPR radarjev v aplikacijah za detekcijo kopenskih min in meritve vlage v tleh, ter potrebno programsko opremo za zajem, obdelavo in prikaz podatkov. FMCW in SFCW GPR radarji so na voljo v <a href=\"https:\/\/au.feri.um.si\/losdv\/radar\/\" class=\"read-more\">Read More &#8230;<\/a><\/p>\n","protected":false},"author":4,"featured_media":0,"parent":0,"menu_order":0,"comment_status":"closed","ping_status":"closed","template":"","meta":[],"_links":{"self":[{"href":"https:\/\/au.feri.um.si\/losdv\/wp-json\/wp\/v2\/pages\/1036"}],"collection":[{"href":"https:\/\/au.feri.um.si\/losdv\/wp-json\/wp\/v2\/pages"}],"about":[{"href":"https:\/\/au.feri.um.si\/losdv\/wp-json\/wp\/v2\/types\/page"}],"author":[{"embeddable":true,"href":"https:\/\/au.feri.um.si\/losdv\/wp-json\/wp\/v2\/users\/4"}],"replies":[{"embeddable":true,"href":"https:\/\/au.feri.um.si\/losdv\/wp-json\/wp\/v2\/comments?post=1036"}],"version-history":[{"count":38,"href":"https:\/\/au.feri.um.si\/losdv\/wp-json\/wp\/v2\/pages\/1036\/revisions"}],"predecessor-version":[{"id":1565,"href":"https:\/\/au.feri.um.si\/losdv\/wp-json\/wp\/v2\/pages\/1036\/revisions\/1565"}],"wp:attachment":[{"href":"https:\/\/au.feri.um.si\/losdv\/wp-json\/wp\/v2\/media?parent=1036"}],"curies":[{"name":"wp","href":"https:\/\/api.w.org\/{rel}","templated":true}]}}