{"id":873,"date":"2022-03-25T09:33:58","date_gmt":"2022-03-25T08:33:58","guid":{"rendered":"https:\/\/au.feri.um.si\/losdv\/?page_id=873"},"modified":"2023-01-05T09:56:01","modified_gmt":"2023-01-05T08:56:01","slug":"gpr2_partnerji","status":"publish","type":"page","link":"https:\/\/au.feri.um.si\/losdv\/en\/gpr2_partnerji\/","title":{"rendered":"Partners"},"content":{"rendered":"<figure class=\"wp-block-image size-large\"><img loading=\"lazy\" width=\"1024\" height=\"108\" src=\"http:\/\/au.feri.um.si\/losdv\/wp-content\/uploads\/sites\/4\/2022\/03\/NATO_SPS_banner_top-4-1024x108.jpg\" alt=\"\" class=\"wp-image-542\" srcset=\"https:\/\/au.feri.um.si\/losdv\/wp-content\/uploads\/sites\/4\/2022\/03\/NATO_SPS_banner_top-4-1024x108.jpg 1024w, https:\/\/au.feri.um.si\/losdv\/wp-content\/uploads\/sites\/4\/2022\/03\/NATO_SPS_banner_top-4-300x32.jpg 300w, https:\/\/au.feri.um.si\/losdv\/wp-content\/uploads\/sites\/4\/2022\/03\/NATO_SPS_banner_top-4-768x81.jpg 768w, https:\/\/au.feri.um.si\/losdv\/wp-content\/uploads\/sites\/4\/2022\/03\/NATO_SPS_banner_top-4-1536x162.jpg 1536w, https:\/\/au.feri.um.si\/losdv\/wp-content\/uploads\/sites\/4\/2022\/03\/NATO_SPS_banner_top-4-2048x216.jpg 2048w, https:\/\/au.feri.um.si\/losdv\/wp-content\/uploads\/sites\/4\/2022\/03\/NATO_SPS_banner_top-4-18x2.jpg 18w, https:\/\/au.feri.um.si\/losdv\/wp-content\/uploads\/sites\/4\/2022\/03\/NATO_SPS_banner_top-4-360x38.jpg 360w\" sizes=\"(max-width: 1024px) 100vw, 1024px\" \/><\/figure>\n\n\n\n<div class=\"wp-container-1 wp-block-buttons\">\n<div class=\"wp-block-button\"><a class=\"wp-block-button__link\" href=\"https:\/\/au.feri.um.si\/losdv\/en\/gpr2_radar\/\">Advanced UAV Based GPR<\/a><\/div>\n\n\n\n<div class=\"wp-block-button\"><a class=\"wp-block-button__link\" href=\"https:\/\/au.feri.um.si\/losdv\/en\/gpr2_oprojektu\/\">About the project<\/a><\/div>\n\n\n\n<div class=\"wp-block-button\"><a class=\"wp-block-button__link\" href=\"https:\/\/au.feri.um.si\/losdv\/en\/gpr2_partnerji\/\">Partners<\/a><\/div>\n\n\n\n<div class=\"wp-block-button\"><a class=\"wp-block-button__link\" href=\"https:\/\/au.feri.um.si\/losdv\/en\/gpr2_novice\/\">News<\/a><\/div>\n\n\n\n<div class=\"wp-block-button\"><a class=\"wp-block-button__link\" href=\"https:\/\/au.feri.um.si\/losdv\/en\/gpr2_delovni_nacrt\/\">Workplan<\/a><\/div>\n\n\n\n<div class=\"wp-block-button\"><a class=\"wp-block-button__link\" href=\"https:\/\/au.feri.um.si\/losdv\/en\/gpr2_diseminacija_projekta\/\">Applications<\/a><\/div>\n<\/div>\n\n\n\n<p><\/p>\n\n\n\n<figure class=\"wp-block-table\"><table><tbody><tr><td class=\"has-text-align-center\" data-align=\"center\">Title and Name       <\/td><td class=\"has-text-align-center\" data-align=\"center\">Institution<\/td><td class=\"has-text-align-center\" data-align=\"center\">Country<\/td><td class=\"has-text-align-center\" data-align=\"center\">NPD\/PPD\/ Co-Director\/Other<\/td><\/tr><tr><td class=\"has-text-align-center\" data-align=\"center\">Dr Du\u0161an Gleich<\/td><td class=\"has-text-align-center\" data-align=\"center\">University of Maribor<\/td><td class=\"has-text-align-center\" data-align=\"center\">Slovenia<\/td><td class=\"has-text-align-center\" data-align=\"center\">NPD<\/td><\/tr><tr><td class=\"has-text-align-center\" data-align=\"center\">Dr. Neboj\u0161a Don\u010dov<\/td><td class=\"has-text-align-center\" data-align=\"center\">University of Ni\u0161, Faculty of Electronic Engineering<\/td><td class=\"has-text-align-center\" data-align=\"center\">Serbia<\/td><td class=\"has-text-align-center\" data-align=\"center\">PPD<\/td><\/tr><tr><td class=\"has-text-align-center\" data-align=\"center\">Dr. Venceslav Kafedziski<\/td><td class=\"has-text-align-center\" data-align=\"center\">Ss Cyril and Methodius University in Skopje, Faculty of Electrical Engineering and Information Technologies<\/td><td class=\"has-text-align-center\" data-align=\"center\">Republic of North Macedonia<\/td><td class=\"has-text-align-center\" data-align=\"center\">Co-Director<\/td><\/tr><\/tbody><\/table><\/figure>","protected":false},"excerpt":{"rendered":"<p>Naslov in ime Institucija Dr\u017eava NPD\/PPD\/ Sodirektor\/Ostalo Dr Du\u0161an Gleich Univerza v Mariboru Slovenja NPD Dr. Neboj\u0161a Don\u010dov Univerza v Ni\u0161u, Fakulteta za elektroniko Srbija PPD Dr. Venceslav Kafedziski Univerza sv. Cirila in Metoda v Skopju, Fakulteta za elektrotehniko in <a href=\"https:\/\/au.feri.um.si\/losdv\/en\/gpr2_partnerji\/\" class=\"read-more\">Read More &#8230;<\/a><\/p>","protected":false},"author":4,"featured_media":0,"parent":0,"menu_order":0,"comment_status":"closed","ping_status":"closed","template":"","meta":[],"_links":{"self":[{"href":"https:\/\/au.feri.um.si\/losdv\/en\/wp-json\/wp\/v2\/pages\/873"}],"collection":[{"href":"https:\/\/au.feri.um.si\/losdv\/en\/wp-json\/wp\/v2\/pages"}],"about":[{"href":"https:\/\/au.feri.um.si\/losdv\/en\/wp-json\/wp\/v2\/types\/page"}],"author":[{"embeddable":true,"href":"https:\/\/au.feri.um.si\/losdv\/en\/wp-json\/wp\/v2\/users\/4"}],"replies":[{"embeddable":true,"href":"https:\/\/au.feri.um.si\/losdv\/en\/wp-json\/wp\/v2\/comments?post=873"}],"version-history":[{"count":6,"href":"https:\/\/au.feri.um.si\/losdv\/en\/wp-json\/wp\/v2\/pages\/873\/revisions"}],"predecessor-version":[{"id":884,"href":"https:\/\/au.feri.um.si\/losdv\/en\/wp-json\/wp\/v2\/pages\/873\/revisions\/884"}],"wp:attachment":[{"href":"https:\/\/au.feri.um.si\/losdv\/en\/wp-json\/wp\/v2\/media?parent=873"}],"curies":[{"name":"wp","href":"https:\/\/api.w.org\/{rel}","templated":true}]}}