{"id":398,"date":"2022-03-09T11:24:10","date_gmt":"2022-03-09T10:24:10","guid":{"rendered":"http:\/\/au.feri.um.si\/losdv\/?page_id=398"},"modified":"2023-01-05T09:56:15","modified_gmt":"2023-01-05T08:56:15","slug":"gpr2_novice","status":"publish","type":"page","link":"https:\/\/au.feri.um.si\/losdv\/en\/gpr2_novice\/","title":{"rendered":"News"},"content":{"rendered":"<figure class=\"wp-block-image size-large\"><img loading=\"lazy\" width=\"1024\" height=\"108\" src=\"http:\/\/au.feri.um.si\/losdv\/wp-content\/uploads\/sites\/4\/2022\/03\/NATO_SPS_banner_top-3-1024x108.jpg\" alt=\"\" class=\"wp-image-540\" srcset=\"https:\/\/au.feri.um.si\/losdv\/wp-content\/uploads\/sites\/4\/2022\/03\/NATO_SPS_banner_top-3-1024x108.jpg 1024w, https:\/\/au.feri.um.si\/losdv\/wp-content\/uploads\/sites\/4\/2022\/03\/NATO_SPS_banner_top-3-300x32.jpg 300w, https:\/\/au.feri.um.si\/losdv\/wp-content\/uploads\/sites\/4\/2022\/03\/NATO_SPS_banner_top-3-768x81.jpg 768w, https:\/\/au.feri.um.si\/losdv\/wp-content\/uploads\/sites\/4\/2022\/03\/NATO_SPS_banner_top-3-1536x162.jpg 1536w, https:\/\/au.feri.um.si\/losdv\/wp-content\/uploads\/sites\/4\/2022\/03\/NATO_SPS_banner_top-3-2048x216.jpg 2048w, https:\/\/au.feri.um.si\/losdv\/wp-content\/uploads\/sites\/4\/2022\/03\/NATO_SPS_banner_top-3-18x2.jpg 18w, https:\/\/au.feri.um.si\/losdv\/wp-content\/uploads\/sites\/4\/2022\/03\/NATO_SPS_banner_top-3-360x38.jpg 360w\" sizes=\"(max-width: 1024px) 100vw, 1024px\" \/><\/figure>\n\n\n\n<div class=\"wp-container-1 wp-block-buttons\">\n<div class=\"wp-block-button\"><a class=\"wp-block-button__link\" href=\"https:\/\/au.feri.um.si\/losdv\/en\/gpr2_radar\/\">Advanced UAV Based GPR<\/a><\/div>\n\n\n\n<div class=\"wp-block-button\"><a class=\"wp-block-button__link\" href=\"https:\/\/au.feri.um.si\/losdv\/en\/gpr2_oprojektu\/\">About the project<\/a><\/div>\n\n\n\n<div class=\"wp-block-button\"><a class=\"wp-block-button__link\" href=\"https:\/\/au.feri.um.si\/losdv\/en\/gpr2_partnerji\/\">Partners<\/a><\/div>\n\n\n\n<div class=\"wp-block-button\"><a class=\"wp-block-button__link\" href=\"https:\/\/au.feri.um.si\/losdv\/en\/gpr2_novice\/\">News<\/a><\/div>\n\n\n\n<div class=\"wp-block-button\"><a class=\"wp-block-button__link\" href=\"https:\/\/au.feri.um.si\/losdv\/en\/gpr2_delovni_nacrt\/\">Workplan<\/a><\/div>\n\n\n\n<div class=\"wp-block-button\"><a class=\"wp-block-button__link\" href=\"https:\/\/au.feri.um.si\/losdv\/en\/gpr2_diseminacija_projekta\/\">Applications<\/a><\/div>\n<\/div>\n\n\n\n<p><\/p>\n\n\n\n<p><a href=\"https:\/\/au.feri.um.si\/losdv\/en\/14-18-3-2022-delavnica-predstavitev-koncepta-delujocega-radarja-nis-srbija\/\">17-18.3.2022: Workshop - presentation of the concept of working radar, Ni\u0161 (Serbia)<\/a><\/p>\n\n\n\n<p>21.10.2021: Introductory meeting, Nis (Serbia)<\/p>","protected":false},"excerpt":{"rendered":"<p>17-18.3.2022: Delavnica &#8211; predstavitev koncepta delujo\u010dega radarja, Ni\u0161 (Srbija) 21.10.2021: Uvodni sestanek, Ni\u0161 (Srbija)<\/p>","protected":false},"author":4,"featured_media":0,"parent":0,"menu_order":0,"comment_status":"closed","ping_status":"closed","template":"","meta":[],"_links":{"self":[{"href":"https:\/\/au.feri.um.si\/losdv\/en\/wp-json\/wp\/v2\/pages\/398"}],"collection":[{"href":"https:\/\/au.feri.um.si\/losdv\/en\/wp-json\/wp\/v2\/pages"}],"about":[{"href":"https:\/\/au.feri.um.si\/losdv\/en\/wp-json\/wp\/v2\/types\/page"}],"author":[{"embeddable":true,"href":"https:\/\/au.feri.um.si\/losdv\/en\/wp-json\/wp\/v2\/users\/4"}],"replies":[{"embeddable":true,"href":"https:\/\/au.feri.um.si\/losdv\/en\/wp-json\/wp\/v2\/comments?post=398"}],"version-history":[{"count":20,"href":"https:\/\/au.feri.um.si\/losdv\/en\/wp-json\/wp\/v2\/pages\/398\/revisions"}],"predecessor-version":[{"id":906,"href":"https:\/\/au.feri.um.si\/losdv\/en\/wp-json\/wp\/v2\/pages\/398\/revisions\/906"}],"wp:attachment":[{"href":"https:\/\/au.feri.um.si\/losdv\/en\/wp-json\/wp\/v2\/media?parent=398"}],"curies":[{"name":"wp","href":"https:\/\/api.w.org\/{rel}","templated":true}]}}