{"id":293,"date":"2022-03-08T09:42:50","date_gmt":"2022-03-08T08:42:50","guid":{"rendered":"http:\/\/au.feri.um.si\/losdv\/?page_id=293"},"modified":"2023-02-15T12:39:08","modified_gmt":"2023-02-15T11:39:08","slug":"domov","status":"publish","type":"page","link":"https:\/\/au.feri.um.si\/losdv\/en\/","title":{"rendered":"About laboratory"},"content":{"rendered":"<p>The laboratory is located at the Faculty of Electrical Engineering, Computer Science and Informatics and belongs to the University of Maribor. It is one of the three laboratories of the Institute of Automation. In the laboratory we work research and pedagogy in the interdisciplinary field of signal processing and remote control. Both areas are intertwined, and the common ground is often signal processing. Broadly speaking, we deal with the theory of signals and systems and their use in various fields, in sensor-measuring-control technology, machine vision and remote sensing and remote control.<\/p>\n\n\n\n<p>Laboratory staff researches projects and research assignments related to the following areas:<\/p>\n\n\n\n<p>Remote sensing:<\/p>\n\n\n\n<ul><li><a href=\"https:\/\/au.feri.um.si\/losdv\/en\/sar_obdelava_slik\/\">SAR image processing<\/a><\/li><li><a href=\"https:\/\/au.feri.um.si\/losdv\/en\/ocena_vlaznosti_tal\/\">Soil moisture assessment with radar<\/a><\/li><li><a href=\"https:\/\/au.feri.um.si\/losdv\/en\/analiza_tal\/\">Soil analysis with georadar<\/a><\/li><li><a href=\"https:\/\/au.feri.um.si\/losdv\/en\/gpr_radar\/\">Search for landmines with UAV<\/a><\/li><li><a href=\"https:\/\/au.feri.um.si\/losdv\/en\/thz_radar\/\">Spectroscopy with THz radar<\/a><\/li><\/ul>\n\n\n\n<p>Remote control systems:<\/p>\n\n\n\n<ul><li>Event controlled systems<\/li><li>Network controlled systems<\/li><li>Distributed controlled systems<\/li><li>Nonlinear principles of controlling<\/li><li>Adaptive control<\/li><\/ul>\n\n\n\n<p>Machine vision systems:<\/p>\n\n\n\n<ul><li><a href=\"https:\/\/au.feri.um.si\/losdv\/en\/kontrola_kakovosti\/\">Kontrola kakovosti<\/a><\/li><li><a href=\"https:\/\/au.feri.um.si\/losdv\/en\/kontrola_kakovosti_odlitkov\/\">Quality review of aluminum castings<\/a><\/li><li><a href=\"https:\/\/au.feri.um.si\/losdv\/en\/detekcija_materiala_hiperspektralna_kamera\/\">Detection of material with a hyperspectral camera<\/a><\/li><li><a href=\"https:\/\/au.feri.um.si\/losdv\/en\/pregled_povrsine_izdelkov\/\">Pregled povr\u0161ine izdelkov<\/a><\/li><\/ul>\n\n\n\n<p><\/p>\n\n\n\n<div class=\"wp-container-1 wp-block-group\"><div class=\"wp-block-group__inner-container\"><\/div><\/div>","protected":false},"excerpt":{"rendered":"<p>Laboratorij se nahaja na fakulteti za elektrotehniko ra\u010dunalni\u0161tvo in informatiko in spada pod univerzo v Mariboru. Je eden izmed treh laboratorijev in\u0161tituta avtomatike. V laboratoriju raziskovalno in pedago\u0161ko delujemo na interdisciplinarnem podro\u010dju obdelave signalov in daljinskega vodenja. Obe podro\u010dji se <a href=\"https:\/\/au.feri.um.si\/losdv\/en\/\" class=\"read-more\">Read More &#8230;<\/a><\/p>","protected":false},"author":4,"featured_media":0,"parent":0,"menu_order":0,"comment_status":"closed","ping_status":"closed","template":"","meta":[],"_links":{"self":[{"href":"https:\/\/au.feri.um.si\/losdv\/en\/wp-json\/wp\/v2\/pages\/293"}],"collection":[{"href":"https:\/\/au.feri.um.si\/losdv\/en\/wp-json\/wp\/v2\/pages"}],"about":[{"href":"https:\/\/au.feri.um.si\/losdv\/en\/wp-json\/wp\/v2\/types\/page"}],"author":[{"embeddable":true,"href":"https:\/\/au.feri.um.si\/losdv\/en\/wp-json\/wp\/v2\/users\/4"}],"replies":[{"embeddable":true,"href":"https:\/\/au.feri.um.si\/losdv\/en\/wp-json\/wp\/v2\/comments?post=293"}],"version-history":[{"count":45,"href":"https:\/\/au.feri.um.si\/losdv\/en\/wp-json\/wp\/v2\/pages\/293\/revisions"}],"predecessor-version":[{"id":1567,"href":"https:\/\/au.feri.um.si\/losdv\/en\/wp-json\/wp\/v2\/pages\/293\/revisions\/1567"}],"wp:attachment":[{"href":"https:\/\/au.feri.um.si\/losdv\/en\/wp-json\/wp\/v2\/media?parent=293"}],"curies":[{"name":"wp","href":"https:\/\/api.w.org\/{rel}","templated":true}]}}