{"id":145,"date":"2022-02-03T11:40:44","date_gmt":"2022-02-03T10:40:44","guid":{"rendered":"http:\/\/au.feri.um.si\/leoss\/?page_id=145"},"modified":"2026-03-19T15:08:46","modified_gmt":"2026-03-19T14:08:46","slug":"o-laboratoriju","status":"publish","type":"page","link":"https:\/\/au.feri.um.si\/leoss\/","title":{"rendered":"O laboratoriju"},"content":{"rendered":"\n<p>Laboratorij za elektro-opti\u010dne in senzorske sisteme (LEOSS) je raziskovalna skupina v okviru Univerze v Mariboru, Fakultete za Elektrotehniko, Ra\u010dunalni\u0161tvo in Informatiko. Deluje od leta 1995 in je usmerjen v razvoj naprednih tehnologij na podro\u010dju fotonike.\u200b <\/p>\n\n\n\n<div class=\"alignnormal\"><div id=\"metaslider-id-1022\" style=\"width: 100%;\" class=\"ml-slider-3-28-3 metaslider metaslider-flex metaslider-1022 ml-slider ms-theme-simply-dark has-dots-nav\">\n    <div id=\"metaslider_container_1022\">\n        <div id=\"metaslider_1022\">\n            <ul aria-live=\"polite\" class=\"slides\">\n                <li style=\"display: block; width: 100%;\" class=\"slide-1023 ms-image\"><img src=\"https:\/\/au.feri.um.si\/leoss\/wp-content\/uploads\/sites\/2\/2023\/01\/prva350-vlakno-laser-1200x350.jpg\" height=\"350\" width=\"1200\" alt=\"\" class=\"slider-1022 slide-1023\" title=\"vlakno-osvetljeno\" \/><\/li>\n                <li style=\"display: none; width: 100%;\" class=\"slide-1024 ms-image\"><img src=\"https:\/\/au.feri.um.si\/leoss\/wp-content\/uploads\/sites\/2\/2023\/01\/prva350-banner_tlacni_senzorji-1200x350.jpg\" height=\"350\" width=\"1200\" alt=\"\" class=\"slider-1022 slide-1024\" title=\"tlacni senzorji\" \/><\/li>\n                <li style=\"display: none; width: 100%;\" class=\"slide-1025 ms-image\"><img src=\"https:\/\/au.feri.um.si\/leoss\/wp-content\/uploads\/sites\/2\/2023\/01\/prva350-Sensor-Keyence-photo-contrast.png\" height=\"350\" width=\"1200\" alt=\"\" class=\"slider-1022 slide-1025\" title=\"Sensor needle\" \/><\/li>\n                <li style=\"display: none; width: 100%;\" class=\"slide-1026 ms-image\"><img src=\"https:\/\/au.feri.um.si\/leoss\/wp-content\/uploads\/sites\/2\/2023\/01\/prva350-P-nihalo.png\" height=\"350\" width=\"1200\" alt=\"\" class=\"slider-1022 slide-1026\" title=\"P-nihalo\" \/><\/li>\n                <li style=\"display: none; width: 100%;\" class=\"slide-1027 ms-image\"><img src=\"https:\/\/au.feri.um.si\/leoss\/wp-content\/uploads\/sites\/2\/2023\/01\/prva350-EM-slika-zoom.jpg\" height=\"350\" width=\"1200\" alt=\"\" class=\"slider-1022 slide-1027\" title=\"Pitot tube\" \/><\/li>\n                <li style=\"display: none; width: 100%;\" class=\"slide-1028 ms-image\"><img src=\"https:\/\/au.feri.um.si\/leoss\/wp-content\/uploads\/sites\/2\/2023\/01\/prva350-banner_ucelica-1200x350.png\" height=\"350\" width=\"1200\" alt=\"\" class=\"slider-1022 slide-1028\" title=\"u celica\" \/><\/li>\n            <\/ul>\n        <\/div>\n        \n    <\/div>\n<\/div><\/div>\n\n\n\n<h2>LEOSS cilji:\u200b<\/h2>\n\n\n\n<ul><li>Razvoj novih dizajnov in konceptov na podro\u010dju zaznavanja in opti\u010dnih vlaken<\/li><li>Iskanje cenovno ugodnih re\u0161itev in tehnologij za razvoj opti\u010dnih vlaken in senzorjev<\/li><li>Uvajanje novih tehnologij zaznavanja v industrijske aplikacije<\/li><\/ul>\n\n\n\n<div class=\"wp-container-1 wp-block-buttons\">\n<div class=\"wp-block-button\"><a class=\"wp-block-button__link\" href=\"https:\/\/au.feri.um.si\/leoss\/category\/raziskovalno-delo\/\">Raziskovalno delo<\/a><\/div>\n\n\n\n<div class=\"wp-block-button\"><a class=\"wp-block-button__link\" href=\"https:\/\/au.feri.um.si\/leoss\/pedagosko-delo\/\">Pedago\u0161ko delo<\/a><\/div>\n<\/div>\n\n\n\n<hr class=\"wp-block-separator is-style-wide\" \/>\n\n\n\n<h2>LEOSS oprema<\/h2>\n\n\n\n<div class=\"wp-block-columns\">\n<div class=\"wp-block-column\">\n<p>Laboratorij je opremljen s \u010disto sobo v kateri je na voljo oprema za mikro-obdelavo, litografske postopke in PVD nanos tankih plasti.<\/p>\n<\/div>\n\n\n\n<div class=\"wp-block-column\">\n<p>Na novi lokaciji na Valvasorjevi ulici v Mariboru opremljamo nove laboratorije ki bodo omogo\u010dali povsem nove raziskovalne in razvojne zmogljivosti na tehnolo\u0161kem podro\u010dju fotonike, opto-elektronike, laserske, polprevodni\u0161ke in nano tehnologije ter sodobne senzorike<\/p>\n<\/div>\n<\/div>\n\n\n\n<div class=\"wp-block-columns\">\n<div class=\"wp-block-column\">\n<div class=\"alignnormal\"><div id=\"metaslider-id-993\" style=\"width: 100%;\" class=\"ml-slider-3-28-3 metaslider metaslider-flex metaslider-993 ml-slider ms-theme-simply-dark has-dots-nav\">\n    <div id=\"metaslider_container_993\">\n        <div id=\"metaslider_993\">\n            <ul aria-live=\"polite\" class=\"slides\">\n                <li style=\"display: block; width: 100%;\" class=\"slide-1004 ms-image\"><img src=\"https:\/\/au.feri.um.si\/leoss\/wp-content\/uploads\/sites\/2\/2023\/01\/IMG_20230117_093648-scaled-1200x1200.jpg\" height=\"1200\" width=\"1200\" alt=\"\" class=\"slider-993 slide-1004\" title=\"Femto second laser\" \/><\/li>\n                <li style=\"display: none; width: 100%;\" class=\"slide-1005 ms-image\"><img src=\"https:\/\/au.feri.um.si\/leoss\/wp-content\/uploads\/sites\/2\/2023\/01\/IMG_20230117_093917-scaled-1200x1200.jpg\" height=\"1200\" width=\"1200\" alt=\"\" class=\"slider-993 slide-1005\" title=\"FIB\/SEM\" \/><\/li>\n                <li style=\"display: none; width: 100%;\" class=\"slide-1109 ms-image\"><img src=\"https:\/\/au.feri.um.si\/leoss\/wp-content\/uploads\/sites\/2\/2023\/01\/IMG_20230117_093739-scaled-1200x1200.jpg\" height=\"1200\" width=\"1200\" alt=\"\" class=\"slider-993 slide-1109\" title=\"Laserski Mikroskop\" \/><\/li>\n                <li style=\"display: none; width: 100%;\" class=\"slide-1108 ms-image\"><img src=\"https:\/\/au.feri.um.si\/leoss\/wp-content\/uploads\/sites\/2\/2023\/01\/IMG_20230117_093700-scaled-1200x1200.jpg\" height=\"1200\" width=\"1200\" alt=\"\" class=\"slider-993 slide-1108\" title=\"Femto second laser 2\" \/><\/li>\n            <\/ul>\n        <\/div>\n        \n    <\/div>\n<\/div><\/div>\n<\/div>\n\n\n\n<div class=\"wp-block-column\">\n<div class=\"alignnormal\"><div id=\"metaslider-id-988\" style=\"width: 100%;\" class=\"ml-slider-3-28-3 metaslider metaslider-flex metaslider-988 ml-slider ms-theme-simply-dark has-dots-nav\">\n    <div id=\"metaslider_container_988\">\n        <div id=\"metaslider_988\">\n            <ul aria-live=\"polite\" class=\"slides\">\n                <li style=\"display: block; width: 100%;\" class=\"slide-989 ms-image\"><img src=\"https:\/\/au.feri.um.si\/leoss\/wp-content\/uploads\/sites\/2\/2023\/01\/IMG_20230109_120143-scaled-1200x1200.jpg\" height=\"1200\" width=\"1200\" alt=\"\" class=\"slider-988 slide-989\" title=\"Vle\u010dni stolp\" \/><\/li>\n                <li style=\"display: none; width: 100%;\" class=\"slide-990 ms-image\"><img src=\"https:\/\/au.feri.um.si\/leoss\/wp-content\/uploads\/sites\/2\/2023\/01\/IMG_25801-scaled-1200x1200.jpg\" height=\"1200\" width=\"1200\" alt=\"\" class=\"slider-988 slide-990\" title=\"Preform - \u017eare\u010d\" \/><\/li>\n                <li style=\"display: none; width: 100%;\" class=\"slide-991 ms-image\"><img src=\"https:\/\/au.feri.um.si\/leoss\/wp-content\/uploads\/sites\/2\/2023\/01\/IMG_20230109_120717-scaled-1200x1200.jpg\" height=\"1200\" width=\"1200\" alt=\"\" class=\"slider-988 slide-991\" title=\"Preform - hladen\" \/><\/li>\n                <li style=\"display: none; width: 100%;\" class=\"slide-992 ms-image\"><img src=\"https:\/\/au.feri.um.si\/leoss\/wp-content\/uploads\/sites\/2\/2023\/01\/IMG_20230109_120346-scaled-1200x1200.jpg\" height=\"1200\" width=\"1200\" alt=\"\" class=\"slider-988 slide-992\" title=\"Vle\u010dni stolp 2\" \/><\/li>\n                <li style=\"display: none; width: 100%;\" class=\"slide-1110 ms-image\"><img src=\"https:\/\/au.feri.um.si\/leoss\/wp-content\/uploads\/sites\/2\/2023\/01\/IMG_20230109_120545-scaled-1200x1200.jpg\" height=\"1200\" width=\"1200\" alt=\"\" class=\"slider-988 slide-1110\" title=\"Vel\u010dni stolp 3\" \/><\/li>\n            <\/ul>\n        <\/div>\n        \n    <\/div>\n<\/div><\/div>\n<\/div>\n<\/div>\n\n\n\n<p><\/p>\n\n\n\n<h2>LEOSS osebje:\u200b<\/h2>\n\n\n\n<ul><li>Zaposlenih za poln delovni \u010das: 8 (odvisno od potreb projectov)\u200b<\/li><li>Dodatno pri delu sodelujejo podiplomski in diplomski \u0161tudenti\u200b<\/li><\/ul>\n\n\n\n<div class=\"wp-container-2 wp-block-buttons\">\n<div class=\"wp-block-button\"><a class=\"wp-block-button__link\" href=\"https:\/\/au.feri.um.si\/leoss\/sodelavci\/\">Zaposleni<\/a><\/div>\n<\/div>\n\n\n\n<hr class=\"wp-block-separator is-style-wide\" \/>\n\n\n\n<h2>LEOSS pomen v fotonskih sistemih:\u200b<\/h2>\n\n\n\n<ul><li>Laboratorij ima ve\u010d kot 30 let izku\u0161enj pri opti\u010dnih vlaknih in opti\u010dnih senzorjih<\/li><li>Izku\u0161nje prototipiranja in pri zgodnjih fazah razvoja izdelkov<\/li><li>Vzdr\u017euje dobro kooperacijo z gospodarstvom &#8211; pribli\u017eno polovica raziskovalnega prora\u010duna v zadnjih 10 letih je pri\u0161lo iz industrije<\/li><\/ul>\n\n\n\n<div class=\"wp-container-3 wp-block-buttons\">\n<div class=\"wp-block-button\"><a class=\"wp-block-button__link\" href=\"https:\/\/au.feri.um.si\/leoss\/projekti\/\">Projekti<\/a><\/div>\n\n\n\n<div class=\"wp-block-button\"><a class=\"wp-block-button__link\" href=\"https:\/\/au.feri.um.si\/leoss\/partnerji\/\">Partnerji<\/a><\/div>\n\n\n\n<div class=\"wp-block-button\"><a class=\"wp-block-button__link\" href=\"https:\/\/au.feri.um.si\/leoss\/intelektualna-lastnina\/\">Intelektualna lastnina<\/a><\/div>\n<\/div>\n\n\n\n<p><\/p>\n\n\n\n<hr class=\"wp-block-separator is-style-wide\" \/>\n\n\n\n<div class=\"alignnormal\"><div id=\"metaslider-id-1006\" style=\"width: 100%;\" class=\"ml-slider-3-28-3 metaslider metaslider-flex metaslider-1006 ml-slider ms-theme-simply-dark has-dots-nav\">\n    <div id=\"metaslider_container_1006\">\n        <div id=\"metaslider_1006\">\n            <ul aria-live=\"polite\" class=\"slides\">\n                <li style=\"display: block; width: 100%;\" class=\"slide-1020 ms-image\"><img src=\"https:\/\/au.feri.um.si\/leoss\/wp-content\/uploads\/sites\/2\/2023\/01\/prva700-banner-mikro-obdelava-1200x700.png\" height=\"700\" width=\"1200\" alt=\"\" class=\"slider-1006 slide-1020\" title=\"mikro-obdelava\" \/><\/li>\n                <li style=\"display: none; width: 100%;\" class=\"slide-1021 ms-image\"><img src=\"https:\/\/au.feri.um.si\/leoss\/wp-content\/uploads\/sites\/2\/2023\/01\/prva700-FUSE-glowing.jpg\" height=\"700\" width=\"1200\" alt=\"\" class=\"slider-1006 slide-1021\" title=\"FUSE glowing\" \/><\/li>\n                <li style=\"display: none; width: 100%;\" class=\"slide-1019 ms-image\"><img src=\"https:\/\/au.feri.um.si\/leoss\/wp-content\/uploads\/sites\/2\/2023\/01\/prva700-Shema-RI-RS.png\" height=\"700\" width=\"1200\" alt=\"\" class=\"slider-1006 slide-1019\" title=\"Shema-RI-RS\" \/><\/li>\n                <li style=\"display: none; width: 100%;\" class=\"slide-1018 ms-image\"><img src=\"https:\/\/au.feri.um.si\/leoss\/wp-content\/uploads\/sites\/2\/2023\/01\/prva700-plasma.png\" height=\"700\" width=\"1200\" alt=\"\" class=\"slider-1006 slide-1018\" title=\"plasma\" \/><\/li>\n            <\/ul>\n        <\/div>\n        \n    <\/div>\n<\/div><\/div>\n","protected":false},"excerpt":{"rendered":"<p>Laboratorij za elektro-opti\u010dne in senzorske sisteme (LEOSS) je raziskovalna skupina v okviru Univerze v Mariboru, Fakultete za Elektrotehniko, Ra\u010dunalni\u0161tvo in Informatiko. Deluje od leta 1995 in je usmerjen v razvoj naprednih tehnologij na podro\u010dju fotonike.\u200b LEOSS cilji:\u200b Razvoj novih dizajnov <a href=\"https:\/\/au.feri.um.si\/leoss\/\" class=\"read-more\">Read More &#8230;<\/a><\/p>\n","protected":false},"author":7,"featured_media":0,"parent":0,"menu_order":0,"comment_status":"closed","ping_status":"closed","template":"","meta":[],"_links":{"self":[{"href":"https:\/\/au.feri.um.si\/leoss\/wp-json\/wp\/v2\/pages\/145"}],"collection":[{"href":"https:\/\/au.feri.um.si\/leoss\/wp-json\/wp\/v2\/pages"}],"about":[{"href":"https:\/\/au.feri.um.si\/leoss\/wp-json\/wp\/v2\/types\/page"}],"author":[{"embeddable":true,"href":"https:\/\/au.feri.um.si\/leoss\/wp-json\/wp\/v2\/users\/7"}],"replies":[{"embeddable":true,"href":"https:\/\/au.feri.um.si\/leoss\/wp-json\/wp\/v2\/comments?post=145"}],"version-history":[{"count":20,"href":"https:\/\/au.feri.um.si\/leoss\/wp-json\/wp\/v2\/pages\/145\/revisions"}],"predecessor-version":[{"id":1414,"href":"https:\/\/au.feri.um.si\/leoss\/wp-json\/wp\/v2\/pages\/145\/revisions\/1414"}],"wp:attachment":[{"href":"https:\/\/au.feri.um.si\/leoss\/wp-json\/wp\/v2\/media?parent=145"}],"curies":[{"name":"wp","href":"https:\/\/api.w.org\/{rel}","templated":true}]}}