{"id":138,"date":"2022-02-03T11:31:26","date_gmt":"2022-02-03T10:31:26","guid":{"rendered":"http:\/\/au.feri.um.si\/leoss\/?page_id=138"},"modified":"2023-06-06T14:15:18","modified_gmt":"2023-06-06T12:15:18","slug":"intelektualna-lastnina","status":"publish","type":"page","link":"https:\/\/au.feri.um.si\/leoss\/intelektualna-lastnina\/","title":{"rendered":"Intelektualna lastnina"},"content":{"rendered":"\n<p>Tehnolo\u0161ke re\u0161itve, ki so na voljo za licenciranje.<\/p>\n\n\n\n<p>Vnesi \u0161tevilko patenta v iskalno polje tukaj <a rel=\"noreferrer noopener\" href=\"http:\/\/patft.uspto.gov\/netahtml\/PTO\/srchnum.htm\" target=\"_blank\">http:\/\/patft.uspto.gov\/netahtml\/PTO\/srchnum.htm<\/a><\/p>\n\n\n\n<h2 id=\"ameriski-patenti-trenutno-v-lasti-um-leoss\">SEZNAM PATENTOV <\/h2>\n\n\n\n<ul><li>8477296 Opto-electronic signal processing methods, systems, and apparatus for optical sensor interrogation<\/li><li>8557129 Methods of manufacturing optical devices<\/li><li>8655117 Optical fiber sensors having long active lenghts, systems, and methods<\/li><li>8655123 In-line optical fiber devices, optical systems, and methods<\/li><li>nsmission link with low bending loss<\/li><li>7474821 Manufacturing a microlens at the extremity of a lead waveguide<\/li><li>7646955 Multimode optical fiber with low differential mode delay<\/li><li>7684657 Single piece Fabry-Perot optical sensor and method of manufacturing the same<\/li><li>8290323 Multimode optical fiber with low differential mode delay<\/li><li>8559770 Fabry-Perot optical sensor and method of manufacturing the same<\/li><li> 24037 Ra\u010dunalni\u0161ka naprava in postopek za nemote\u010de merjenje parametrovfunkcionalnega zdravja<\/li><\/ul>\n","protected":false},"excerpt":{"rendered":"<p>Tehnolo\u0161ke re\u0161itve, ki so na voljo za licenciranje. Vnesi \u0161tevilko patenta v iskalno polje tukaj http:\/\/patft.uspto.gov\/netahtml\/PTO\/srchnum.htm SEZNAM PATENTOV 8477296 Opto-electronic signal processing methods, systems, and apparatus for optical sensor interrogation 8557129 Methods of manufacturing optical devices 8655117 Optical fiber sensors <a href=\"https:\/\/au.feri.um.si\/leoss\/intelektualna-lastnina\/\" class=\"read-more\">Read More &#8230;<\/a><\/p>\n","protected":false},"author":7,"featured_media":0,"parent":0,"menu_order":0,"comment_status":"closed","ping_status":"closed","template":"","meta":[],"_links":{"self":[{"href":"https:\/\/au.feri.um.si\/leoss\/wp-json\/wp\/v2\/pages\/138"}],"collection":[{"href":"https:\/\/au.feri.um.si\/leoss\/wp-json\/wp\/v2\/pages"}],"about":[{"href":"https:\/\/au.feri.um.si\/leoss\/wp-json\/wp\/v2\/types\/page"}],"author":[{"embeddable":true,"href":"https:\/\/au.feri.um.si\/leoss\/wp-json\/wp\/v2\/users\/7"}],"replies":[{"embeddable":true,"href":"https:\/\/au.feri.um.si\/leoss\/wp-json\/wp\/v2\/comments?post=138"}],"version-history":[{"count":4,"href":"https:\/\/au.feri.um.si\/leoss\/wp-json\/wp\/v2\/pages\/138\/revisions"}],"predecessor-version":[{"id":1311,"href":"https:\/\/au.feri.um.si\/leoss\/wp-json\/wp\/v2\/pages\/138\/revisions\/1311"}],"wp:attachment":[{"href":"https:\/\/au.feri.um.si\/leoss\/wp-json\/wp\/v2\/media?parent=138"}],"curies":[{"name":"wp","href":"https:\/\/api.w.org\/{rel}","templated":true}]}}