{"id":145,"date":"2022-02-03T11:40:44","date_gmt":"2022-02-03T10:40:44","guid":{"rendered":"http:\/\/au.feri.um.si\/leoss\/?page_id=145"},"modified":"2026-03-19T15:08:46","modified_gmt":"2026-03-19T14:08:46","slug":"o-laboratoriju","status":"publish","type":"page","link":"https:\/\/au.feri.um.si\/leoss\/en\/","title":{"rendered":"About the laboratory"},"content":{"rendered":"<p>The Laboratory for Electro-Optical and Sensor Systems (LEOSS) is a research laboratory within the University of Maribor, Faculty of Electrical Engineering, Computer Science and Informatics. It has been operating since 1995 and is focused on the development of advanced technologies in the field of photonics. <\/p>\n\n\n\n<div class=\"alignnormal\"><div id=\"metaslider-id-1022\" style=\"width: 100%;\" class=\"ml-slider-3-28-3 metaslider metaslider-flex metaslider-1022 ml-slider ms-theme-simply-dark has-dots-nav\">\n    <div id=\"metaslider_container_1022\">\n        <div id=\"metaslider_1022\">\n            <ul aria-live=\"polite\" class=\"slides\">\n                <li style=\"display: block; width: 100%;\" class=\"slide-1023 ms-image\"><img src=\"https:\/\/au.feri.um.si\/leoss\/wp-content\/uploads\/sites\/2\/2023\/01\/prva350-vlakno-laser-1200x350.jpg\" height=\"350\" width=\"1200\" alt=\"\" class=\"slider-1022 slide-1023\" title=\"vlakno-osvetljeno\" \/><\/li>\n                <li style=\"display: none; width: 100%;\" class=\"slide-1024 ms-image\"><img src=\"https:\/\/au.feri.um.si\/leoss\/wp-content\/uploads\/sites\/2\/2023\/01\/prva350-banner_tlacni_senzorji-1200x350.jpg\" height=\"350\" width=\"1200\" alt=\"\" class=\"slider-1022 slide-1024\" title=\"tlacni senzorji\" \/><\/li>\n                <li style=\"display: none; width: 100%;\" class=\"slide-1025 ms-image\"><img src=\"https:\/\/au.feri.um.si\/leoss\/wp-content\/uploads\/sites\/2\/2023\/01\/prva350-Sensor-Keyence-photo-contrast.png\" height=\"350\" width=\"1200\" alt=\"\" class=\"slider-1022 slide-1025\" title=\"Sensor needle\" \/><\/li>\n                <li style=\"display: none; width: 100%;\" class=\"slide-1026 ms-image\"><img src=\"https:\/\/au.feri.um.si\/leoss\/wp-content\/uploads\/sites\/2\/2023\/01\/prva350-P-nihalo.png\" height=\"350\" width=\"1200\" alt=\"\" class=\"slider-1022 slide-1026\" title=\"P-nihalo\" \/><\/li>\n                <li style=\"display: none; width: 100%;\" class=\"slide-1027 ms-image\"><img src=\"https:\/\/au.feri.um.si\/leoss\/wp-content\/uploads\/sites\/2\/2023\/01\/prva350-EM-slika-zoom.jpg\" height=\"350\" width=\"1200\" alt=\"\" class=\"slider-1022 slide-1027\" title=\"Pitot tube\" \/><\/li>\n                <li style=\"display: none; width: 100%;\" class=\"slide-1028 ms-image\"><img src=\"https:\/\/au.feri.um.si\/leoss\/wp-content\/uploads\/sites\/2\/2023\/01\/prva350-banner_ucelica-1200x350.png\" height=\"350\" width=\"1200\" alt=\"\" class=\"slider-1022 slide-1028\" title=\"u celica\" \/><\/li>\n            <\/ul>\n        <\/div>\n        \n    <\/div>\n<\/div><\/div>\n\n\n\n<h2>LEOSS objectives:\u200b<\/h2>\n\n\n\n<ul><li>Searching for new designs and concepts in sensing and fiber technologies\u200b<\/li><li>Iskanje cenovno ugodnih re\u0161itev in tehnologij za razvoj opti\u010dnih vlaken in senzorjev<\/li><li>Bringing new sensing technologies and solutions into industrial applications\u200b<\/li><\/ul>\n\n\n\n<div class=\"wp-container-1 wp-block-buttons\">\n<div class=\"wp-block-button\"><a class=\"wp-block-button__link\" href=\"https:\/\/au.feri.um.si\/leoss\/en\/category\/raziskovalno-delo\/\">Research activities<\/a><\/div>\n\n\n\n<div class=\"wp-block-button\"><a class=\"wp-block-button__link\" href=\"https:\/\/au.feri.um.si\/leoss\/en\/pedagosko-delo\/\">Teaching<\/a><\/div>\n<\/div>\n\n\n\n<hr class=\"wp-block-separator is-style-wide\" \/>\n\n\n\n<h2>LEOSS equipment<\/h2>\n\n\n\n<div class=\"wp-block-columns\">\n<div class=\"wp-block-column\">\n<p>The laboratory is equipped with a clean room in which equipment for micro-processing, lithographic processes and thin film deposition is available.<\/p>\n<\/div>\n\n\n\n<div class=\"wp-block-column\">\n<p>At a new location on Valvasorjeva Street in Maribor, we are equipping new laboratories that will enable completely new research and development capabilities in the technological fields of photonics, opto-electronics, laser, semiconductor and nano technology, and modern sensors.<\/p>\n<\/div>\n<\/div>\n\n\n\n<div class=\"wp-block-columns\">\n<div class=\"wp-block-column\">\n<div class=\"alignnormal\"><div id=\"metaslider-id-993\" style=\"width: 100%;\" class=\"ml-slider-3-28-3 metaslider metaslider-flex metaslider-993 ml-slider ms-theme-simply-dark has-dots-nav\">\n    <div id=\"metaslider_container_993\">\n        <div id=\"metaslider_993\">\n            <ul aria-live=\"polite\" class=\"slides\">\n                <li style=\"display: block; width: 100%;\" class=\"slide-1004 ms-image\"><img src=\"https:\/\/au.feri.um.si\/leoss\/wp-content\/uploads\/sites\/2\/2023\/01\/IMG_20230117_093648-scaled-1200x1200.jpg\" height=\"1200\" width=\"1200\" alt=\"\" class=\"slider-993 slide-1004\" title=\"Femto second laser\" \/><\/li>\n                <li style=\"display: none; width: 100%;\" class=\"slide-1005 ms-image\"><img src=\"https:\/\/au.feri.um.si\/leoss\/wp-content\/uploads\/sites\/2\/2023\/01\/IMG_20230117_093917-scaled-1200x1200.jpg\" height=\"1200\" width=\"1200\" alt=\"\" class=\"slider-993 slide-1005\" title=\"FIB\/SEM\" \/><\/li>\n                <li style=\"display: none; width: 100%;\" class=\"slide-1109 ms-image\"><img src=\"https:\/\/au.feri.um.si\/leoss\/wp-content\/uploads\/sites\/2\/2023\/01\/IMG_20230117_093739-scaled-1200x1200.jpg\" height=\"1200\" width=\"1200\" alt=\"\" class=\"slider-993 slide-1109\" title=\"Laser Mikroskope\" \/><\/li>\n                <li style=\"display: none; width: 100%;\" class=\"slide-1108 ms-image\"><img src=\"https:\/\/au.feri.um.si\/leoss\/wp-content\/uploads\/sites\/2\/2023\/01\/IMG_20230117_093700-scaled-1200x1200.jpg\" height=\"1200\" width=\"1200\" alt=\"\" class=\"slider-993 slide-1108\" title=\"Femto second laser 2\" \/><\/li>\n            <\/ul>\n        <\/div>\n        \n    <\/div>\n<\/div><\/div>\n<\/div>\n\n\n\n<div class=\"wp-block-column\">\n<div class=\"alignnormal\"><div id=\"metaslider-id-988\" style=\"width: 100%;\" class=\"ml-slider-3-28-3 metaslider metaslider-flex metaslider-988 ml-slider ms-theme-simply-dark has-dots-nav\">\n    <div id=\"metaslider_container_988\">\n        <div id=\"metaslider_988\">\n            <ul aria-live=\"polite\" class=\"slides\">\n                <li style=\"display: block; width: 100%;\" class=\"slide-989 ms-image\"><img src=\"https:\/\/au.feri.um.si\/leoss\/wp-content\/uploads\/sites\/2\/2023\/01\/IMG_20230109_120143-scaled-1200x1200.jpg\" height=\"1200\" width=\"1200\" alt=\"\" class=\"slider-988 slide-989\" title=\"Vle\u010dni stolp\" \/><\/li>\n                <li style=\"display: none; width: 100%;\" class=\"slide-990 ms-image\"><img src=\"https:\/\/au.feri.um.si\/leoss\/wp-content\/uploads\/sites\/2\/2023\/01\/IMG_25801-scaled-1200x1200.jpg\" height=\"1200\" width=\"1200\" alt=\"\" class=\"slider-988 slide-990\" title=\"Preform - \u017eare\u010d\" \/><\/li>\n                <li style=\"display: none; width: 100%;\" class=\"slide-991 ms-image\"><img src=\"https:\/\/au.feri.um.si\/leoss\/wp-content\/uploads\/sites\/2\/2023\/01\/IMG_20230109_120717-scaled-1200x1200.jpg\" height=\"1200\" width=\"1200\" alt=\"\" class=\"slider-988 slide-991\" title=\"Preform - hladen\" \/><\/li>\n                <li style=\"display: none; width: 100%;\" class=\"slide-992 ms-image\"><img src=\"https:\/\/au.feri.um.si\/leoss\/wp-content\/uploads\/sites\/2\/2023\/01\/IMG_20230109_120346-scaled-1200x1200.jpg\" height=\"1200\" width=\"1200\" alt=\"\" class=\"slider-988 slide-992\" title=\"Vle\u010dni stolp 2\" \/><\/li>\n                <li style=\"display: none; width: 100%;\" class=\"slide-1110 ms-image\"><img src=\"https:\/\/au.feri.um.si\/leoss\/wp-content\/uploads\/sites\/2\/2023\/01\/IMG_20230109_120545-scaled-1200x1200.jpg\" height=\"1200\" width=\"1200\" alt=\"\" class=\"slider-988 slide-1110\" title=\"Vel\u010dni stolp 3\" \/><\/li>\n            <\/ul>\n        <\/div>\n        \n    <\/div>\n<\/div><\/div>\n<\/div>\n<\/div>\n\n\n\n<p><\/p>\n\n\n\n<h2>LEOSS staff:\u200b<\/h2>\n\n\n\n<ul><li>Full-time staff: 8 (depending on projects)\u200b<\/li><li>Additionally, the laboratory employs the participation of both graduate and postgraduate students<\/li><\/ul>\n\n\n\n<div class=\"wp-container-2 wp-block-buttons\">\n<div class=\"wp-block-button\"><a class=\"wp-block-button__link\" href=\"https:\/\/au.feri.um.si\/leoss\/en\/sodelavci\/\">Staff<\/a><\/div>\n<\/div>\n\n\n\n<hr class=\"wp-block-separator is-style-wide\" \/>\n\n\n\n<h2>LEOSS relevance to Photonics systems:\u200b<\/h2>\n\n\n\n<ul><li>The laboratory has over 30 years of experience in optical fibers and optical sensors<\/li><li>Experience in prototype and early stage product development\u200b<\/li><li>Maintains good cooperation with industry \u2013 approximately half of the research budget in the last 10 years has come from industry<\/li><\/ul>\n\n\n\n<div class=\"wp-container-3 wp-block-buttons\">\n<div class=\"wp-block-button\"><a class=\"wp-block-button__link\" href=\"https:\/\/au.feri.um.si\/leoss\/en\/projekti\/\">Projects<\/a><\/div>\n\n\n\n<div class=\"wp-block-button\"><a class=\"wp-block-button__link\" href=\"https:\/\/au.feri.um.si\/leoss\/en\/partnerji\/\">Partners<\/a><\/div>\n\n\n\n<div class=\"wp-block-button\"><a class=\"wp-block-button__link\" href=\"https:\/\/au.feri.um.si\/leoss\/en\/intelektualna-lastnina\/\">Intellectual property<\/a><\/div>\n<\/div>\n\n\n\n<p><\/p>\n\n\n\n<hr class=\"wp-block-separator is-style-wide\" \/>\n\n\n\n<div class=\"alignnormal\"><div id=\"metaslider-id-1006\" style=\"width: 100%;\" class=\"ml-slider-3-28-3 metaslider metaslider-flex metaslider-1006 ml-slider ms-theme-simply-dark has-dots-nav\">\n    <div id=\"metaslider_container_1006\">\n        <div id=\"metaslider_1006\">\n            <ul aria-live=\"polite\" class=\"slides\">\n                <li style=\"display: block; width: 100%;\" class=\"slide-1020 ms-image\"><img src=\"https:\/\/au.feri.um.si\/leoss\/wp-content\/uploads\/sites\/2\/2023\/01\/prva700-banner-mikro-obdelava-1200x700.png\" height=\"700\" width=\"1200\" alt=\"\" class=\"slider-1006 slide-1020\" title=\"mikro-obdelava\" \/><\/li>\n                <li style=\"display: none; width: 100%;\" class=\"slide-1021 ms-image\"><img src=\"https:\/\/au.feri.um.si\/leoss\/wp-content\/uploads\/sites\/2\/2023\/01\/prva700-FUSE-glowing.jpg\" height=\"700\" width=\"1200\" alt=\"\" class=\"slider-1006 slide-1021\" title=\"FUSE glowing\" \/><\/li>\n                <li style=\"display: none; width: 100%;\" class=\"slide-1019 ms-image\"><img src=\"https:\/\/au.feri.um.si\/leoss\/wp-content\/uploads\/sites\/2\/2023\/01\/prva700-Shema-RI-RS.png\" height=\"700\" width=\"1200\" alt=\"\" class=\"slider-1006 slide-1019\" title=\"Shema-RI-RS\" \/><\/li>\n                <li style=\"display: none; width: 100%;\" class=\"slide-1018 ms-image\"><img src=\"https:\/\/au.feri.um.si\/leoss\/wp-content\/uploads\/sites\/2\/2023\/01\/prva700-plasma.png\" height=\"700\" width=\"1200\" alt=\"\" class=\"slider-1006 slide-1018\" title=\"plasma\" \/><\/li>\n            <\/ul>\n        <\/div>\n        \n    <\/div>\n<\/div><\/div>","protected":false},"excerpt":{"rendered":"<p>Laboratorij za elektro-opti\u010dne in senzorske sisteme (LEOSS) je raziskovalna skupina v okviru Univerze v Mariboru, Fakultete za Elektrotehniko, Ra\u010dunalni\u0161tvo in Informatiko. Deluje od leta 1995 in je usmerjen v razvoj naprednih tehnologij na podro\u010dju fotonike.\u200b LEOSS cilji:\u200b Razvoj novih dizajnov <a href=\"https:\/\/au.feri.um.si\/leoss\/en\/\" class=\"read-more\">Read More &#8230;<\/a><\/p>","protected":false},"author":7,"featured_media":0,"parent":0,"menu_order":0,"comment_status":"closed","ping_status":"closed","template":"","meta":[],"_links":{"self":[{"href":"https:\/\/au.feri.um.si\/leoss\/en\/wp-json\/wp\/v2\/pages\/145"}],"collection":[{"href":"https:\/\/au.feri.um.si\/leoss\/en\/wp-json\/wp\/v2\/pages"}],"about":[{"href":"https:\/\/au.feri.um.si\/leoss\/en\/wp-json\/wp\/v2\/types\/page"}],"author":[{"embeddable":true,"href":"https:\/\/au.feri.um.si\/leoss\/en\/wp-json\/wp\/v2\/users\/7"}],"replies":[{"embeddable":true,"href":"https:\/\/au.feri.um.si\/leoss\/en\/wp-json\/wp\/v2\/comments?post=145"}],"version-history":[{"count":20,"href":"https:\/\/au.feri.um.si\/leoss\/en\/wp-json\/wp\/v2\/pages\/145\/revisions"}],"predecessor-version":[{"id":1414,"href":"https:\/\/au.feri.um.si\/leoss\/en\/wp-json\/wp\/v2\/pages\/145\/revisions\/1414"}],"wp:attachment":[{"href":"https:\/\/au.feri.um.si\/leoss\/en\/wp-json\/wp\/v2\/media?parent=145"}],"curies":[{"name":"wp","href":"https:\/\/api.w.org\/{rel}","templated":true}]}}