{"id":70,"date":"2022-02-03T09:29:10","date_gmt":"2022-02-03T08:29:10","guid":{"rendered":"http:\/\/au.feri.um.si\/?page_id=70"},"modified":"2022-03-10T14:54:07","modified_gmt":"2022-03-10T13:54:07","slug":"o-institutu","status":"publish","type":"page","link":"https:\/\/au.feri.um.si\/en\/o-institutu\/","title":{"rendered":"About the institute"},"content":{"rendered":"<p>The Institute of Automation, as an independent research and educational unit, covers the entire field of automation in electrical engineering. The main emphasis is on research work, which we want to focus as much as possible on areas of industrial environments that are interesting for the economy. In this way, we contribute our share to its development and modernization, dissemination of new knowledge and their implementation in the real world. At the same time, through pedagogical work, we transfer our knowledge to students and thus create a base of future staff that the economy needs.<\/p>\n\n\n\n<blockquote class=\"wp-block-quote\"><p><a href=\"https:\/\/au.feri.um.si\/index.php\/sl\/o-institutu\/49-o-info\/294-o-avtomatiki\">Read more about automation<\/a><\/p><\/blockquote>\n\n\n\n<p>The Institute of Automation consists of three laboratories, which enables the achievement of better research achievements in specific areas covered by each laboratory.<\/p>\n\n\n\n<p>Institute chair<br>&nbsp; &nbsp;red. prof. ddr. <strong>\u0110onlagi\u0107 Denis<\/strong><br>&nbsp; &nbsp;Tel: 02\/220-7117<br>&nbsp; &nbsp;E:&nbsp;denis.donlagic(@)um.si<\/p>","protected":false},"excerpt":{"rendered":"<p>In\u0161titut za avtomatiko kot samostojna raziskovalno-izobra\u017eevalna enota s svojim delovanjem pokriva celotno podro\u010dje avtomatike v elektrotehniki. Glavni poudarek je na raziskovalnem delu, ki ga \u017eelimo v \u010dim ve\u010dji meri usmerjati na podro\u010dja industrijskih okolij, ki so zanimiva za gospodarstvo. S <a href=\"https:\/\/au.feri.um.si\/en\/o-institutu\/\" class=\"read-more\">Read More &#8230;<\/a><\/p>","protected":false},"author":7,"featured_media":0,"parent":0,"menu_order":0,"comment_status":"closed","ping_status":"closed","template":"","meta":[],"_links":{"self":[{"href":"https:\/\/au.feri.um.si\/en\/wp-json\/wp\/v2\/pages\/70"}],"collection":[{"href":"https:\/\/au.feri.um.si\/en\/wp-json\/wp\/v2\/pages"}],"about":[{"href":"https:\/\/au.feri.um.si\/en\/wp-json\/wp\/v2\/types\/page"}],"author":[{"embeddable":true,"href":"https:\/\/au.feri.um.si\/en\/wp-json\/wp\/v2\/users\/7"}],"replies":[{"embeddable":true,"href":"https:\/\/au.feri.um.si\/en\/wp-json\/wp\/v2\/comments?post=70"}],"version-history":[{"count":2,"href":"https:\/\/au.feri.um.si\/en\/wp-json\/wp\/v2\/pages\/70\/revisions"}],"predecessor-version":[{"id":103,"href":"https:\/\/au.feri.um.si\/en\/wp-json\/wp\/v2\/pages\/70\/revisions\/103"}],"wp:attachment":[{"href":"https:\/\/au.feri.um.si\/en\/wp-json\/wp\/v2\/media?parent=70"}],"curies":[{"name":"wp","href":"https:\/\/api.w.org\/{rel}","templated":true}]}}